{"id":121,"date":"2017-11-06T14:23:06","date_gmt":"2017-11-06T07:23:06","guid":{"rendered":"http:\/\/tuan.raothue.com\/theme\/Dec\/?page_id=121"},"modified":"2019-07-06T09:03:34","modified_gmt":"2019-07-06T02:03:34","slug":"gioi-thieu","status":"publish","type":"page","link":"https:\/\/giadung4.mauthemewp.com\/?page_id=121","title":{"rendered":"Gi\u1edbi thi\u1ec7u"},"content":{"rendered":"<p><img loading=\"lazy\" decoding=\"async\" class=\"aligncenter wp-image-1016\" src=\"http:\/\/mau3.maudep.com.vn\/giadung1\/wp-content\/uploads\/2019\/07\/banner-mizuho.jpg\" alt=\"\" width=\"800\" height=\"424\" srcset=\"https:\/\/giadung4.mauthemewp.com\/wp-content\/uploads\/2019\/07\/banner-mizuho.jpg 940w, https:\/\/giadung4.mauthemewp.com\/wp-content\/uploads\/2019\/07\/banner-mizuho-300x159.jpg 300w, https:\/\/giadung4.mauthemewp.com\/wp-content\/uploads\/2019\/07\/banner-mizuho-768x407.jpg 768w, https:\/\/giadung4.mauthemewp.com\/wp-content\/uploads\/2019\/07\/banner-mizuho-600x318.jpg 600w\" sizes=\"(max-width: 800px) 100vw, 800px\" \/><\/p>\n<p style=\"text-align: center;\">MIZUHO &#8211; Th\u01b0\u01a1ng hi\u1ec7u \u0111\u1ed3 gia d\u1ee5ng h\u00e0ng \u0111\u1ea7u t\u1ea1i Vi\u1ec7t Nam<\/p>\n<p>MIZUHO chuy\u00ean s\u1ea3n xu\u1ea5t v\u00e0 kinh doanh c\u00e1c s\u1ea3n ph\u1ea9m: \u0111\u1ed3 gia d\u1ee5ng, \u0111i\u1ec7n gia d\u1ee5ng, thi\u1ebft b\u1ecb nh\u00e0 b\u1ebfp, m\u00e1y l\u1ecdc n\u01b0\u1edbc &#8230; Nh\u00e0 m\u00e1y s\u1ea3n xu\u1ea5t quy m\u00f4 h\u01a1n 75,000 m2 v\u1edbi \u0111\u1ed9i ng\u0169 nh\u00e2n s\u1ef1 tr\u00ean 500 c\u00e1n b\u1ed9 c\u00f4ng nh\u00e2n vi\u00ean.<\/p>\n<p>MIZUHO c\u00f3 m\u1eb7t \u1edf kh\u1eafp c\u00e1c t\u1ec9nh th\u00e0nh tr\u00ean c\u1ea3 n\u01b0\u1edbc, mang \u0111\u1ebfn s\u1ef1 tin t\u01b0\u1edfng tuy\u1ec7t \u0111\u1ed1i v\u1edbi kh\u00e1ch h\u00e0ng nh\u1edd nh\u1eefng s\u1ea3n ph\u1ea9m \u01b0u vi\u1ec7t v\u00e0 ch\u00ednh s\u00e1ch CSKH chuy\u00ean nghi\u1ec7p.<\/p>\n<p style=\"text-align: center;\"><img loading=\"lazy\" decoding=\"async\" class=\"wp-image-1018 aligncenter\" src=\"http:\/\/mau3.maudep.com.vn\/giadung1\/wp-content\/uploads\/2019\/07\/banner-mizuho-1.jpg\" alt=\"\" width=\"800\" height=\"473\" srcset=\"https:\/\/giadung4.mauthemewp.com\/wp-content\/uploads\/2019\/07\/banner-mizuho-1.jpg 793w, https:\/\/giadung4.mauthemewp.com\/wp-content\/uploads\/2019\/07\/banner-mizuho-1-300x177.jpg 300w, https:\/\/giadung4.mauthemewp.com\/wp-content\/uploads\/2019\/07\/banner-mizuho-1-768x454.jpg 768w, https:\/\/giadung4.mauthemewp.com\/wp-content\/uploads\/2019\/07\/banner-mizuho-1-600x355.jpg 600w\" sizes=\"(max-width: 800px) 100vw, 800px\" \/><\/p>\n<p style=\"text-align: center;\"><img loading=\"lazy\" decoding=\"async\" class=\"wp-image-1019 aligncenter\" src=\"http:\/\/mau3.maudep.com.vn\/giadung1\/wp-content\/uploads\/2019\/07\/banner-mizuho-2.jpg\" alt=\"\" width=\"800\" height=\"510\" srcset=\"https:\/\/giadung4.mauthemewp.com\/wp-content\/uploads\/2019\/07\/banner-mizuho-2.jpg 795w, https:\/\/giadung4.mauthemewp.com\/wp-content\/uploads\/2019\/07\/banner-mizuho-2-300x191.jpg 300w, https:\/\/giadung4.mauthemewp.com\/wp-content\/uploads\/2019\/07\/banner-mizuho-2-768x490.jpg 768w, https:\/\/giadung4.mauthemewp.com\/wp-content\/uploads\/2019\/07\/banner-mizuho-2-600x383.jpg 600w\" sizes=\"(max-width: 800px) 100vw, 800px\" \/><\/p>\n<h3 class=\"widget-title\">MIZUHO VI\u1ec6T NAM<\/h3>\n<div class=\"classic-text-widget\">\n<ul>\n<li>VPGD: 102\/51 L\u01b0\u01a1ng Kh\u00e1nh Thi\u1ec7n, Ho\u00e0ng Mai, H\u00e0 N\u1ed9i<\/li>\n<li>Nh\u00e0 m\u00e1y sx: KCN V\u0129nh Kh\u00fac, V\u0103n Giang, H\u01b0ng Y\u00ean<\/li>\n<li>Hotline: 0985 639 066<\/li>\n<li>Website: http:\/\/mau3.maudep.com.vn\/giadung1\/<\/li>\n<\/ul>\n<\/div>\n","protected":false},"excerpt":{"rendered":"<p>MIZUHO &#8211; Th\u01b0\u01a1ng hi\u1ec7u \u0111\u1ed3 gia d\u1ee5ng h\u00e0ng \u0111\u1ea7u t\u1ea1i Vi\u1ec7t Nam MIZUHO chuy\u00ean s\u1ea3n xu\u1ea5t v\u00e0 kinh doanh c\u00e1c &hellip; <a class=\"link-more\" href=\"https:\/\/giadung4.mauthemewp.com\/?page_id=121\" class=\"more-link\">\u0110\u1ecdc th\u00eam &raquo;<span class=\"screen-reader-text\"> &#8220;Gi\u1edbi thi\u1ec7u&#8221;<\/span><\/a><\/p>\n","protected":false},"author":1,"featured_media":0,"parent":0,"menu_order":0,"comment_status":"closed","ping_status":"closed","template":"","meta":{"footnotes":""},"yoast_head":"<!-- This site is optimized with the Yoast SEO plugin v21.6 - https:\/\/yoast.com\/wordpress\/plugins\/seo\/ -->\n<title>Gi\u1edbi thi\u1ec7u<\/title>\n<meta name=\"robots\" content=\"index, follow, max-snippet:-1, max-image-preview:large, max-video-preview:-1\" \/>\n<meta property=\"og:locale\" content=\"vi_VN\" \/>\n<meta property=\"og:type\" content=\"article\" \/>\n<meta property=\"og:title\" content=\"Gi\u1edbi thi\u1ec7u\" \/>\n<meta property=\"og:description\" content=\"MIZUHO &#8211; Th\u01b0\u01a1ng hi\u1ec7u \u0111\u1ed3 gia d\u1ee5ng h\u00e0ng \u0111\u1ea7u t\u1ea1i Vi\u1ec7t Nam MIZUHO chuy\u00ean s\u1ea3n xu\u1ea5t v\u00e0 kinh doanh c\u00e1c &hellip; \u0110\u1ecdc th\u00eam &raquo; &quot;Gi\u1edbi thi\u1ec7u&quot;\" \/>\n<meta property=\"og:url\" content=\"https:\/\/giadung4.mauthemewp.com\/?page_id=121\" \/>\n<meta property=\"og:site_name\" content=\"Mizuho - Cho Cu\u1ed9c S\u1ed1ng Tr\u1ecdn V\u1eb9n H\u01a1n!\" \/>\n<meta property=\"article:modified_time\" content=\"2019-07-06T02:03:34+00:00\" \/>\n<meta property=\"og:image\" content=\"http:\/\/mau3.maudep.com.vn\/giadung1\/wp-content\/uploads\/2019\/07\/banner-mizuho.jpg\" \/>\n<meta name=\"twitter:card\" content=\"summary_large_image\" \/>\n<meta name=\"twitter:label1\" content=\"\u01af\u1edbc t\u00ednh th\u1eddi gian \u0111\u1ecdc\" \/>\n\t<meta name=\"twitter:data1\" content=\"1 ph\u00fat\" \/>\n<script type=\"application\/ld+json\" class=\"yoast-schema-graph\">{\"@context\":\"https:\/\/schema.org\",\"@graph\":[{\"@type\":\"WebPage\",\"@id\":\"https:\/\/giadung4.mauthemewp.com\/?page_id=121\",\"url\":\"https:\/\/giadung4.mauthemewp.com\/?page_id=121\",\"name\":\"Gi\u1edbi thi\u1ec7u\",\"isPartOf\":{\"@id\":\"https:\/\/giadung4.mauthemewp.com\/#website\"},\"datePublished\":\"2017-11-06T07:23:06+00:00\",\"dateModified\":\"2019-07-06T02:03:34+00:00\",\"breadcrumb\":{\"@id\":\"https:\/\/giadung4.mauthemewp.com\/?page_id=121#breadcrumb\"},\"inLanguage\":\"vi\",\"potentialAction\":[{\"@type\":\"ReadAction\",\"target\":[\"https:\/\/giadung4.mauthemewp.com\/?page_id=121\"]}]},{\"@type\":\"BreadcrumbList\",\"@id\":\"https:\/\/giadung4.mauthemewp.com\/?page_id=121#breadcrumb\",\"itemListElement\":[{\"@type\":\"ListItem\",\"position\":1,\"name\":\"Trang ch\u1ee7\",\"item\":\"https:\/\/giadung4.mauthemewp.com\/\"},{\"@type\":\"ListItem\",\"position\":2,\"name\":\"Gi\u1edbi thi\u1ec7u\"}]},{\"@type\":\"WebSite\",\"@id\":\"https:\/\/giadung4.mauthemewp.com\/#website\",\"url\":\"https:\/\/giadung4.mauthemewp.com\/\",\"name\":\"Mizuho - Cho Cu\u1ed9c S\u1ed1ng Tr\u1ecdn V\u1eb9n H\u01a1n!\",\"description\":\"Mizuho Vi\u1ec7t Nam\",\"potentialAction\":[{\"@type\":\"SearchAction\",\"target\":{\"@type\":\"EntryPoint\",\"urlTemplate\":\"https:\/\/giadung4.mauthemewp.com\/?s={search_term_string}\"},\"query-input\":\"required name=search_term_string\"}],\"inLanguage\":\"vi\"}]}<\/script>\n<!-- \/ Yoast SEO plugin. -->","yoast_head_json":{"title":"Gi\u1edbi thi\u1ec7u","robots":{"index":"index","follow":"follow","max-snippet":"max-snippet:-1","max-image-preview":"max-image-preview:large","max-video-preview":"max-video-preview:-1"},"og_locale":"vi_VN","og_type":"article","og_title":"Gi\u1edbi thi\u1ec7u","og_description":"MIZUHO &#8211; Th\u01b0\u01a1ng hi\u1ec7u \u0111\u1ed3 gia d\u1ee5ng h\u00e0ng \u0111\u1ea7u t\u1ea1i Vi\u1ec7t Nam MIZUHO chuy\u00ean s\u1ea3n xu\u1ea5t v\u00e0 kinh doanh c\u00e1c &hellip; \u0110\u1ecdc th\u00eam &raquo; \"Gi\u1edbi thi\u1ec7u\"","og_url":"https:\/\/giadung4.mauthemewp.com\/?page_id=121","og_site_name":"Mizuho - Cho Cu\u1ed9c S\u1ed1ng Tr\u1ecdn V\u1eb9n H\u01a1n!","article_modified_time":"2019-07-06T02:03:34+00:00","og_image":[{"url":"http:\/\/mau3.maudep.com.vn\/giadung1\/wp-content\/uploads\/2019\/07\/banner-mizuho.jpg"}],"twitter_card":"summary_large_image","twitter_misc":{"\u01af\u1edbc t\u00ednh th\u1eddi gian \u0111\u1ecdc":"1 ph\u00fat"},"schema":{"@context":"https:\/\/schema.org","@graph":[{"@type":"WebPage","@id":"https:\/\/giadung4.mauthemewp.com\/?page_id=121","url":"https:\/\/giadung4.mauthemewp.com\/?page_id=121","name":"Gi\u1edbi thi\u1ec7u","isPartOf":{"@id":"https:\/\/giadung4.mauthemewp.com\/#website"},"datePublished":"2017-11-06T07:23:06+00:00","dateModified":"2019-07-06T02:03:34+00:00","breadcrumb":{"@id":"https:\/\/giadung4.mauthemewp.com\/?page_id=121#breadcrumb"},"inLanguage":"vi","potentialAction":[{"@type":"ReadAction","target":["https:\/\/giadung4.mauthemewp.com\/?page_id=121"]}]},{"@type":"BreadcrumbList","@id":"https:\/\/giadung4.mauthemewp.com\/?page_id=121#breadcrumb","itemListElement":[{"@type":"ListItem","position":1,"name":"Trang ch\u1ee7","item":"https:\/\/giadung4.mauthemewp.com\/"},{"@type":"ListItem","position":2,"name":"Gi\u1edbi thi\u1ec7u"}]},{"@type":"WebSite","@id":"https:\/\/giadung4.mauthemewp.com\/#website","url":"https:\/\/giadung4.mauthemewp.com\/","name":"Mizuho - Cho Cu\u1ed9c S\u1ed1ng Tr\u1ecdn V\u1eb9n H\u01a1n!","description":"Mizuho Vi\u1ec7t Nam","potentialAction":[{"@type":"SearchAction","target":{"@type":"EntryPoint","urlTemplate":"https:\/\/giadung4.mauthemewp.com\/?s={search_term_string}"},"query-input":"required name=search_term_string"}],"inLanguage":"vi"}]}},"_links":{"self":[{"href":"https:\/\/giadung4.mauthemewp.com\/index.php?rest_route=\/wp\/v2\/pages\/121"}],"collection":[{"href":"https:\/\/giadung4.mauthemewp.com\/index.php?rest_route=\/wp\/v2\/pages"}],"about":[{"href":"https:\/\/giadung4.mauthemewp.com\/index.php?rest_route=\/wp\/v2\/types\/page"}],"author":[{"embeddable":true,"href":"https:\/\/giadung4.mauthemewp.com\/index.php?rest_route=\/wp\/v2\/users\/1"}],"replies":[{"embeddable":true,"href":"https:\/\/giadung4.mauthemewp.com\/index.php?rest_route=%2Fwp%2Fv2%2Fcomments&post=121"}],"version-history":[{"count":3,"href":"https:\/\/giadung4.mauthemewp.com\/index.php?rest_route=\/wp\/v2\/pages\/121\/revisions"}],"predecessor-version":[{"id":1020,"href":"https:\/\/giadung4.mauthemewp.com\/index.php?rest_route=\/wp\/v2\/pages\/121\/revisions\/1020"}],"wp:attachment":[{"href":"https:\/\/giadung4.mauthemewp.com\/index.php?rest_route=%2Fwp%2Fv2%2Fmedia&parent=121"}],"curies":[{"name":"wp","href":"https:\/\/api.w.org\/{rel}","templated":true}]}}