{"id":15,"date":"2017-06-15T06:35:55","date_gmt":"2017-06-15T06:35:55","guid":{"rendered":"http:\/\/raothue.ddns.net\/demo\/rt-core\/?page_id=15"},"modified":"2019-07-06T09:08:27","modified_gmt":"2019-07-06T02:08:27","slug":"lien-he","status":"publish","type":"page","link":"https:\/\/giadung4.mauthemewp.com\/?page_id=15","title":{"rendered":"Li\u00ean h\u1ec7"},"content":{"rendered":"<p style=\"text-align: center;\"><img loading=\"lazy\" decoding=\"async\" class=\"alignnone size-full wp-image-1016\" src=\"http:\/\/mau3.maudep.com.vn\/giadung1\/wp-content\/uploads\/2019\/07\/banner-mizuho.jpg\" alt=\"\" width=\"940\" height=\"498\" srcset=\"https:\/\/giadung4.mauthemewp.com\/wp-content\/uploads\/2019\/07\/banner-mizuho.jpg 940w, https:\/\/giadung4.mauthemewp.com\/wp-content\/uploads\/2019\/07\/banner-mizuho-300x159.jpg 300w, https:\/\/giadung4.mauthemewp.com\/wp-content\/uploads\/2019\/07\/banner-mizuho-768x407.jpg 768w, https:\/\/giadung4.mauthemewp.com\/wp-content\/uploads\/2019\/07\/banner-mizuho-600x318.jpg 600w\" sizes=\"(max-width: 940px) 100vw, 940px\" \/><\/p>\n<p style=\"text-align: center;\">Mizuho &#8211; th\u01b0\u01a1ng hi\u1ec7u \u0111\u1ed3 gia d\u1ee5ng h\u00e0ng \u0111\u1ea7u t\u1ea1i Vi\u1ec7t Nam<\/p>\n<h3 class=\"widget-title\">MIZUHO VI\u1ec6T NAM<\/h3>\n<div class=\"classic-text-widget\">\n<ul>\n<li>VPGD: 102\/51 L\u01b0\u01a1ng Kh\u00e1nh Thi\u1ec7n, Ho\u00e0ng Mai, H\u00e0 N\u1ed9i<\/li>\n<li>Nh\u00e0 m\u00e1y sx: KCN V\u0129nh Kh\u00fac, V\u0103n Giang, H\u01b0ng Y\u00ean<\/li>\n<li>Hotline: 0985 639 066<\/li>\n<li>Website: http:\/\/mau3.maudep.com.vn\/giadung1\/<\/li>\n<\/ul>\n<\/div>\n","protected":false},"excerpt":{"rendered":"<p>Mizuho &#8211; th\u01b0\u01a1ng hi\u1ec7u \u0111\u1ed3 gia d\u1ee5ng h\u00e0ng \u0111\u1ea7u t\u1ea1i Vi\u1ec7t Nam MIZUHO VI\u1ec6T NAM VPGD: 102\/51 L\u01b0\u01a1ng Kh\u00e1nh Thi\u1ec7n, &hellip; <a class=\"link-more\" href=\"https:\/\/giadung4.mauthemewp.com\/?page_id=15\" class=\"more-link\">\u0110\u1ecdc th\u00eam &raquo;<span class=\"screen-reader-text\"> &#8220;Li\u00ean h\u1ec7&#8221;<\/span><\/a><\/p>\n","protected":false},"author":1,"featured_media":0,"parent":0,"menu_order":0,"comment_status":"closed","ping_status":"closed","template":"rt-contact.php","meta":{"footnotes":""},"yoast_head":"<!-- This site is optimized with the Yoast SEO plugin v21.6 - https:\/\/yoast.com\/wordpress\/plugins\/seo\/ -->\n<title>Li\u00ean h\u1ec7<\/title>\n<meta name=\"robots\" content=\"index, follow, max-snippet:-1, max-image-preview:large, max-video-preview:-1\" \/>\n<meta property=\"og:locale\" content=\"vi_VN\" \/>\n<meta property=\"og:type\" content=\"article\" \/>\n<meta property=\"og:title\" content=\"Li\u00ean h\u1ec7\" \/>\n<meta property=\"og:description\" content=\"Mizuho &#8211; th\u01b0\u01a1ng hi\u1ec7u \u0111\u1ed3 gia d\u1ee5ng h\u00e0ng \u0111\u1ea7u t\u1ea1i Vi\u1ec7t Nam MIZUHO VI\u1ec6T NAM VPGD: 102\/51 L\u01b0\u01a1ng Kh\u00e1nh Thi\u1ec7n, &hellip; \u0110\u1ecdc th\u00eam &raquo; &quot;Li\u00ean h\u1ec7&quot;\" \/>\n<meta property=\"og:url\" content=\"https:\/\/giadung4.mauthemewp.com\/?page_id=15\" \/>\n<meta property=\"og:site_name\" content=\"Mizuho - Cho Cu\u1ed9c S\u1ed1ng Tr\u1ecdn V\u1eb9n H\u01a1n!\" \/>\n<meta property=\"article:modified_time\" content=\"2019-07-06T02:08:27+00:00\" \/>\n<meta property=\"og:image\" content=\"http:\/\/mau3.maudep.com.vn\/giadung1\/wp-content\/uploads\/2019\/07\/banner-mizuho.jpg\" \/>\n<meta name=\"twitter:card\" content=\"summary_large_image\" \/>\n<script type=\"application\/ld+json\" class=\"yoast-schema-graph\">{\"@context\":\"https:\/\/schema.org\",\"@graph\":[{\"@type\":\"WebPage\",\"@id\":\"https:\/\/giadung4.mauthemewp.com\/?page_id=15\",\"url\":\"https:\/\/giadung4.mauthemewp.com\/?page_id=15\",\"name\":\"Li\u00ean h\u1ec7\",\"isPartOf\":{\"@id\":\"https:\/\/giadung4.mauthemewp.com\/#website\"},\"datePublished\":\"2017-06-15T06:35:55+00:00\",\"dateModified\":\"2019-07-06T02:08:27+00:00\",\"breadcrumb\":{\"@id\":\"https:\/\/giadung4.mauthemewp.com\/?page_id=15#breadcrumb\"},\"inLanguage\":\"vi\",\"potentialAction\":[{\"@type\":\"ReadAction\",\"target\":[\"https:\/\/giadung4.mauthemewp.com\/?page_id=15\"]}]},{\"@type\":\"BreadcrumbList\",\"@id\":\"https:\/\/giadung4.mauthemewp.com\/?page_id=15#breadcrumb\",\"itemListElement\":[{\"@type\":\"ListItem\",\"position\":1,\"name\":\"Trang ch\u1ee7\",\"item\":\"https:\/\/giadung4.mauthemewp.com\/\"},{\"@type\":\"ListItem\",\"position\":2,\"name\":\"Li\u00ean h\u1ec7\"}]},{\"@type\":\"WebSite\",\"@id\":\"https:\/\/giadung4.mauthemewp.com\/#website\",\"url\":\"https:\/\/giadung4.mauthemewp.com\/\",\"name\":\"Mizuho - Cho Cu\u1ed9c S\u1ed1ng Tr\u1ecdn V\u1eb9n H\u01a1n!\",\"description\":\"Mizuho Vi\u1ec7t Nam\",\"potentialAction\":[{\"@type\":\"SearchAction\",\"target\":{\"@type\":\"EntryPoint\",\"urlTemplate\":\"https:\/\/giadung4.mauthemewp.com\/?s={search_term_string}\"},\"query-input\":\"required name=search_term_string\"}],\"inLanguage\":\"vi\"}]}<\/script>\n<!-- \/ Yoast SEO plugin. -->","yoast_head_json":{"title":"Li\u00ean h\u1ec7","robots":{"index":"index","follow":"follow","max-snippet":"max-snippet:-1","max-image-preview":"max-image-preview:large","max-video-preview":"max-video-preview:-1"},"og_locale":"vi_VN","og_type":"article","og_title":"Li\u00ean h\u1ec7","og_description":"Mizuho &#8211; th\u01b0\u01a1ng hi\u1ec7u \u0111\u1ed3 gia d\u1ee5ng h\u00e0ng \u0111\u1ea7u t\u1ea1i Vi\u1ec7t Nam MIZUHO VI\u1ec6T NAM VPGD: 102\/51 L\u01b0\u01a1ng Kh\u00e1nh Thi\u1ec7n, &hellip; \u0110\u1ecdc th\u00eam &raquo; \"Li\u00ean h\u1ec7\"","og_url":"https:\/\/giadung4.mauthemewp.com\/?page_id=15","og_site_name":"Mizuho - Cho Cu\u1ed9c S\u1ed1ng Tr\u1ecdn V\u1eb9n H\u01a1n!","article_modified_time":"2019-07-06T02:08:27+00:00","og_image":[{"url":"http:\/\/mau3.maudep.com.vn\/giadung1\/wp-content\/uploads\/2019\/07\/banner-mizuho.jpg"}],"twitter_card":"summary_large_image","schema":{"@context":"https:\/\/schema.org","@graph":[{"@type":"WebPage","@id":"https:\/\/giadung4.mauthemewp.com\/?page_id=15","url":"https:\/\/giadung4.mauthemewp.com\/?page_id=15","name":"Li\u00ean h\u1ec7","isPartOf":{"@id":"https:\/\/giadung4.mauthemewp.com\/#website"},"datePublished":"2017-06-15T06:35:55+00:00","dateModified":"2019-07-06T02:08:27+00:00","breadcrumb":{"@id":"https:\/\/giadung4.mauthemewp.com\/?page_id=15#breadcrumb"},"inLanguage":"vi","potentialAction":[{"@type":"ReadAction","target":["https:\/\/giadung4.mauthemewp.com\/?page_id=15"]}]},{"@type":"BreadcrumbList","@id":"https:\/\/giadung4.mauthemewp.com\/?page_id=15#breadcrumb","itemListElement":[{"@type":"ListItem","position":1,"name":"Trang ch\u1ee7","item":"https:\/\/giadung4.mauthemewp.com\/"},{"@type":"ListItem","position":2,"name":"Li\u00ean h\u1ec7"}]},{"@type":"WebSite","@id":"https:\/\/giadung4.mauthemewp.com\/#website","url":"https:\/\/giadung4.mauthemewp.com\/","name":"Mizuho - Cho Cu\u1ed9c S\u1ed1ng Tr\u1ecdn V\u1eb9n H\u01a1n!","description":"Mizuho Vi\u1ec7t Nam","potentialAction":[{"@type":"SearchAction","target":{"@type":"EntryPoint","urlTemplate":"https:\/\/giadung4.mauthemewp.com\/?s={search_term_string}"},"query-input":"required name=search_term_string"}],"inLanguage":"vi"}]}},"_links":{"self":[{"href":"https:\/\/giadung4.mauthemewp.com\/index.php?rest_route=\/wp\/v2\/pages\/15"}],"collection":[{"href":"https:\/\/giadung4.mauthemewp.com\/index.php?rest_route=\/wp\/v2\/pages"}],"about":[{"href":"https:\/\/giadung4.mauthemewp.com\/index.php?rest_route=\/wp\/v2\/types\/page"}],"author":[{"embeddable":true,"href":"https:\/\/giadung4.mauthemewp.com\/index.php?rest_route=\/wp\/v2\/users\/1"}],"replies":[{"embeddable":true,"href":"https:\/\/giadung4.mauthemewp.com\/index.php?rest_route=%2Fwp%2Fv2%2Fcomments&post=15"}],"version-history":[{"count":4,"href":"https:\/\/giadung4.mauthemewp.com\/index.php?rest_route=\/wp\/v2\/pages\/15\/revisions"}],"predecessor-version":[{"id":1026,"href":"https:\/\/giadung4.mauthemewp.com\/index.php?rest_route=\/wp\/v2\/pages\/15\/revisions\/1026"}],"wp:attachment":[{"href":"https:\/\/giadung4.mauthemewp.com\/index.php?rest_route=%2Fwp%2Fv2%2Fmedia&parent=15"}],"curies":[{"name":"wp","href":"https:\/\/api.w.org\/{rel}","templated":true}]}}