{"id":528,"date":"2018-11-01T09:17:23","date_gmt":"2018-11-01T02:17:23","guid":{"rendered":"http:\/\/khomaudepraothue.com\/bepnhapkhauchauau\/?page_id=528"},"modified":"2019-07-06T09:06:34","modified_gmt":"2019-07-06T02:06:34","slug":"gop-y-va-khieu-nai","status":"publish","type":"page","link":"https:\/\/giadung4.mauthemewp.com\/?page_id=528","title":{"rendered":"G\u00f3p \u00fd v\u00e0 khi\u1ebfu n\u1ea1i"},"content":{"rendered":"<p><img loading=\"lazy\" decoding=\"async\" class=\"wp-image-1016 aligncenter\" src=\"http:\/\/mau3.maudep.com.vn\/giadung1\/wp-content\/uploads\/2019\/07\/banner-mizuho.jpg\" alt=\"\" width=\"800\" height=\"424\" srcset=\"https:\/\/giadung4.mauthemewp.com\/wp-content\/uploads\/2019\/07\/banner-mizuho.jpg 940w, https:\/\/giadung4.mauthemewp.com\/wp-content\/uploads\/2019\/07\/banner-mizuho-300x159.jpg 300w, https:\/\/giadung4.mauthemewp.com\/wp-content\/uploads\/2019\/07\/banner-mizuho-768x407.jpg 768w, https:\/\/giadung4.mauthemewp.com\/wp-content\/uploads\/2019\/07\/banner-mizuho-600x318.jpg 600w\" sizes=\"(max-width: 800px) 100vw, 800px\" \/><\/p>\n<p>M\u1ecdi \u0111\u00f3ng g\u00f3p \u00fd ki\u00ean xin g\u1eedi v\u1ec1 theo \u0111\u1ecba ch\u1ec9 sau:<\/p>\n<h3 class=\"widget-title\">MIZUHO VI\u1ec6T NAM<\/h3>\n<div class=\"classic-text-widget\">\n<ul>\n<li>VPGD: 102\/51 L\u01b0\u01a1ng Kh\u00e1nh Thi\u1ec7n, Ho\u00e0ng Mai, H\u00e0 N\u1ed9i<\/li>\n<li>Nh\u00e0 m\u00e1y sx: KCN V\u0129nh Kh\u00fac, V\u0103n Giang, H\u01b0ng Y\u00ean<\/li>\n<li>Hotline: 0985 639 066<\/li>\n<li>Website: http:\/\/mau3.maudep.com.vn\/giadung1\/<\/li>\n<\/ul>\n<\/div>\n","protected":false},"excerpt":{"rendered":"<p>M\u1ecdi \u0111\u00f3ng g\u00f3p \u00fd ki\u00ean xin g\u1eedi v\u1ec1 theo \u0111\u1ecba ch\u1ec9 sau: MIZUHO VI\u1ec6T NAM VPGD: 102\/51 L\u01b0\u01a1ng Kh\u00e1nh Thi\u1ec7n, &hellip; <a class=\"link-more\" href=\"https:\/\/giadung4.mauthemewp.com\/?page_id=528\" class=\"more-link\">\u0110\u1ecdc th\u00eam &raquo;<span class=\"screen-reader-text\"> &#8220;G\u00f3p \u00fd v\u00e0 khi\u1ebfu n\u1ea1i&#8221;<\/span><\/a><\/p>\n","protected":false},"author":1,"featured_media":0,"parent":0,"menu_order":0,"comment_status":"closed","ping_status":"closed","template":"","meta":{"footnotes":""},"yoast_head":"<!-- This site is optimized with the Yoast SEO plugin v21.6 - https:\/\/yoast.com\/wordpress\/plugins\/seo\/ -->\n<title>G\u00f3p \u00fd v\u00e0 khi\u1ebfu n\u1ea1i<\/title>\n<meta name=\"robots\" content=\"index, follow, max-snippet:-1, max-image-preview:large, max-video-preview:-1\" \/>\n<meta property=\"og:locale\" content=\"vi_VN\" \/>\n<meta property=\"og:type\" content=\"article\" \/>\n<meta property=\"og:title\" content=\"G\u00f3p \u00fd v\u00e0 khi\u1ebfu n\u1ea1i\" \/>\n<meta property=\"og:description\" content=\"M\u1ecdi \u0111\u00f3ng g\u00f3p \u00fd ki\u00ean xin g\u1eedi v\u1ec1 theo \u0111\u1ecba ch\u1ec9 sau: MIZUHO VI\u1ec6T NAM VPGD: 102\/51 L\u01b0\u01a1ng Kh\u00e1nh Thi\u1ec7n, &hellip; \u0110\u1ecdc th\u00eam &raquo; &quot;G\u00f3p \u00fd v\u00e0 khi\u1ebfu n\u1ea1i&quot;\" \/>\n<meta property=\"og:url\" content=\"https:\/\/giadung4.mauthemewp.com\/?page_id=528\" \/>\n<meta property=\"og:site_name\" content=\"Mizuho - Cho Cu\u1ed9c S\u1ed1ng Tr\u1ecdn V\u1eb9n H\u01a1n!\" \/>\n<meta property=\"article:modified_time\" content=\"2019-07-06T02:06:34+00:00\" \/>\n<meta property=\"og:image\" content=\"http:\/\/mau3.maudep.com.vn\/giadung1\/wp-content\/uploads\/2019\/07\/banner-mizuho.jpg\" \/>\n<meta name=\"twitter:card\" content=\"summary_large_image\" \/>\n<script type=\"application\/ld+json\" class=\"yoast-schema-graph\">{\"@context\":\"https:\/\/schema.org\",\"@graph\":[{\"@type\":\"WebPage\",\"@id\":\"https:\/\/giadung4.mauthemewp.com\/?page_id=528\",\"url\":\"https:\/\/giadung4.mauthemewp.com\/?page_id=528\",\"name\":\"G\u00f3p \u00fd v\u00e0 khi\u1ebfu n\u1ea1i\",\"isPartOf\":{\"@id\":\"https:\/\/giadung4.mauthemewp.com\/#website\"},\"datePublished\":\"2018-11-01T02:17:23+00:00\",\"dateModified\":\"2019-07-06T02:06:34+00:00\",\"breadcrumb\":{\"@id\":\"https:\/\/giadung4.mauthemewp.com\/?page_id=528#breadcrumb\"},\"inLanguage\":\"vi\",\"potentialAction\":[{\"@type\":\"ReadAction\",\"target\":[\"https:\/\/giadung4.mauthemewp.com\/?page_id=528\"]}]},{\"@type\":\"BreadcrumbList\",\"@id\":\"https:\/\/giadung4.mauthemewp.com\/?page_id=528#breadcrumb\",\"itemListElement\":[{\"@type\":\"ListItem\",\"position\":1,\"name\":\"Trang ch\u1ee7\",\"item\":\"https:\/\/giadung4.mauthemewp.com\/\"},{\"@type\":\"ListItem\",\"position\":2,\"name\":\"G\u00f3p \u00fd v\u00e0 khi\u1ebfu n\u1ea1i\"}]},{\"@type\":\"WebSite\",\"@id\":\"https:\/\/giadung4.mauthemewp.com\/#website\",\"url\":\"https:\/\/giadung4.mauthemewp.com\/\",\"name\":\"Mizuho - Cho Cu\u1ed9c S\u1ed1ng Tr\u1ecdn V\u1eb9n H\u01a1n!\",\"description\":\"Mizuho Vi\u1ec7t Nam\",\"potentialAction\":[{\"@type\":\"SearchAction\",\"target\":{\"@type\":\"EntryPoint\",\"urlTemplate\":\"https:\/\/giadung4.mauthemewp.com\/?s={search_term_string}\"},\"query-input\":\"required name=search_term_string\"}],\"inLanguage\":\"vi\"}]}<\/script>\n<!-- \/ Yoast SEO plugin. -->","yoast_head_json":{"title":"G\u00f3p \u00fd v\u00e0 khi\u1ebfu n\u1ea1i","robots":{"index":"index","follow":"follow","max-snippet":"max-snippet:-1","max-image-preview":"max-image-preview:large","max-video-preview":"max-video-preview:-1"},"og_locale":"vi_VN","og_type":"article","og_title":"G\u00f3p \u00fd v\u00e0 khi\u1ebfu n\u1ea1i","og_description":"M\u1ecdi \u0111\u00f3ng g\u00f3p \u00fd ki\u00ean xin g\u1eedi v\u1ec1 theo \u0111\u1ecba ch\u1ec9 sau: MIZUHO VI\u1ec6T NAM VPGD: 102\/51 L\u01b0\u01a1ng Kh\u00e1nh Thi\u1ec7n, &hellip; \u0110\u1ecdc th\u00eam &raquo; \"G\u00f3p \u00fd v\u00e0 khi\u1ebfu n\u1ea1i\"","og_url":"https:\/\/giadung4.mauthemewp.com\/?page_id=528","og_site_name":"Mizuho - Cho Cu\u1ed9c S\u1ed1ng Tr\u1ecdn V\u1eb9n H\u01a1n!","article_modified_time":"2019-07-06T02:06:34+00:00","og_image":[{"url":"http:\/\/mau3.maudep.com.vn\/giadung1\/wp-content\/uploads\/2019\/07\/banner-mizuho.jpg"}],"twitter_card":"summary_large_image","schema":{"@context":"https:\/\/schema.org","@graph":[{"@type":"WebPage","@id":"https:\/\/giadung4.mauthemewp.com\/?page_id=528","url":"https:\/\/giadung4.mauthemewp.com\/?page_id=528","name":"G\u00f3p \u00fd v\u00e0 khi\u1ebfu n\u1ea1i","isPartOf":{"@id":"https:\/\/giadung4.mauthemewp.com\/#website"},"datePublished":"2018-11-01T02:17:23+00:00","dateModified":"2019-07-06T02:06:34+00:00","breadcrumb":{"@id":"https:\/\/giadung4.mauthemewp.com\/?page_id=528#breadcrumb"},"inLanguage":"vi","potentialAction":[{"@type":"ReadAction","target":["https:\/\/giadung4.mauthemewp.com\/?page_id=528"]}]},{"@type":"BreadcrumbList","@id":"https:\/\/giadung4.mauthemewp.com\/?page_id=528#breadcrumb","itemListElement":[{"@type":"ListItem","position":1,"name":"Trang ch\u1ee7","item":"https:\/\/giadung4.mauthemewp.com\/"},{"@type":"ListItem","position":2,"name":"G\u00f3p \u00fd v\u00e0 khi\u1ebfu n\u1ea1i"}]},{"@type":"WebSite","@id":"https:\/\/giadung4.mauthemewp.com\/#website","url":"https:\/\/giadung4.mauthemewp.com\/","name":"Mizuho - Cho Cu\u1ed9c S\u1ed1ng Tr\u1ecdn V\u1eb9n H\u01a1n!","description":"Mizuho Vi\u1ec7t Nam","potentialAction":[{"@type":"SearchAction","target":{"@type":"EntryPoint","urlTemplate":"https:\/\/giadung4.mauthemewp.com\/?s={search_term_string}"},"query-input":"required name=search_term_string"}],"inLanguage":"vi"}]}},"_links":{"self":[{"href":"https:\/\/giadung4.mauthemewp.com\/index.php?rest_route=\/wp\/v2\/pages\/528"}],"collection":[{"href":"https:\/\/giadung4.mauthemewp.com\/index.php?rest_route=\/wp\/v2\/pages"}],"about":[{"href":"https:\/\/giadung4.mauthemewp.com\/index.php?rest_route=\/wp\/v2\/types\/page"}],"author":[{"embeddable":true,"href":"https:\/\/giadung4.mauthemewp.com\/index.php?rest_route=\/wp\/v2\/users\/1"}],"replies":[{"embeddable":true,"href":"https:\/\/giadung4.mauthemewp.com\/index.php?rest_route=%2Fwp%2Fv2%2Fcomments&post=528"}],"version-history":[{"count":2,"href":"https:\/\/giadung4.mauthemewp.com\/index.php?rest_route=\/wp\/v2\/pages\/528\/revisions"}],"predecessor-version":[{"id":1023,"href":"https:\/\/giadung4.mauthemewp.com\/index.php?rest_route=\/wp\/v2\/pages\/528\/revisions\/1023"}],"wp:attachment":[{"href":"https:\/\/giadung4.mauthemewp.com\/index.php?rest_route=%2Fwp%2Fv2%2Fmedia&parent=528"}],"curies":[{"name":"wp","href":"https:\/\/api.w.org\/{rel}","templated":true}]}}