{"id":1048,"date":"2019-07-08T08:20:28","date_gmt":"2019-07-08T01:20:28","guid":{"rendered":"http:\/\/mau3.maudep.com.vn\/giadung1\/?post_type=product&#038;p=1048"},"modified":"2020-03-28T16:06:38","modified_gmt":"2020-03-28T09:06:38","slug":"noi-com-dien-mizuho-mh18-109b-1-8l","status":"publish","type":"product","link":"https:\/\/giadung4.mauthemewp.com\/?product=noi-com-dien-mizuho-mh18-109b-1-8l","title":{"rendered":"N\u1ed3i c\u01a1m \u0111i\u1ec7n Mizuho MH18-109B 1.8L"},"content":{"rendered":"<p><img loading=\"lazy\" decoding=\"async\" class=\"alignnone size-full wp-image-1045 aligncenter\" src=\"http:\/\/mau3.maudep.com.vn\/giadung1\/wp-content\/uploads\/2019\/07\/MH18-109B.jpg\" alt=\"\" width=\"300\" height=\"300\" srcset=\"https:\/\/giadung4.mauthemewp.com\/wp-content\/uploads\/2019\/07\/MH18-109B.jpg 300w, https:\/\/giadung4.mauthemewp.com\/wp-content\/uploads\/2019\/07\/MH18-109B-150x150.jpg 150w, https:\/\/giadung4.mauthemewp.com\/wp-content\/uploads\/2019\/07\/MH18-109B-100x100.jpg 100w\" sizes=\"(max-width: 300px) 100vw, 300px\" \/><\/p>\n<p style=\"text-align: center;\">N\u1ed3i c\u01a1m \u0111i\u1ec7n Mizuho MH18-109B 1.8L<\/p>\n","protected":false},"excerpt":{"rendered":"<ul>\n<li><span style=\"font-size: 12pt;\">Dung t\u00edch: 1.8 l\u00edt, th\u00edch h\u1ee3p cho gia \u0111\u00ecnh t\u1eeb 4 &#8211; 6 ng\u01b0\u1eddi tr\u1edf l\u00ean<\/span><\/li>\n<li><span style=\"font-size: 12pt;\">L\u00f2ng n\u1ed3i d\u00e0y d\u1eb7n ph\u1ee7 ch\u1ed1ng d\u00ednh 3 l\u1edbp cao c\u1ea5p, an to\u00e0n s\u1ee9c kh\u1ecfe<\/span><\/li>\n<li><span style=\"font-size: 12pt;\">Thi\u1ebft k\u1ebf sang tr\u1ecdng hi\u1ec7n \u0111\u1ea1i &#8211; m\u00e0u s\u1eafc trang nh\u00e3<\/span><\/li>\n<li><span style=\"font-size: 12pt;\">C\u00f4ng ngh\u1ec7 \u1ee7 \u1ea5m \u0111a chi\u1ec1u gi\u00fap c\u01a1m ngon h\u01a1n, gi\u1eef \u1ea5m l\u00e2u h\u01a1n<\/span><\/li>\n<\/ul>\n","protected":false},"featured_media":1045,"comment_status":"open","ping_status":"closed","template":"","meta":[],"product_cat":[36,281,268,288],"product_tag":[],"yoast_head":"<!-- This site is optimized with the Yoast SEO plugin v21.6 - https:\/\/yoast.com\/wordpress\/plugins\/seo\/ -->\n<title>N\u1ed3i c\u01a1m \u0111i\u1ec7n Mizuho MH18-109B 1.8L<\/title>\n<meta name=\"robots\" content=\"index, follow, max-snippet:-1, max-image-preview:large, max-video-preview:-1\" \/>\n<meta property=\"og:locale\" content=\"vi_VN\" \/>\n<meta property=\"og:type\" content=\"article\" \/>\n<meta property=\"og:title\" content=\"N\u1ed3i c\u01a1m \u0111i\u1ec7n Mizuho MH18-109B 1.8L\" \/>\n<meta property=\"og:description\" content=\"Dung t\u00edch: 1.8 l\u00edt, th\u00edch h\u1ee3p cho gia \u0111\u00ecnh t\u1eeb 4 - 6 ng\u01b0\u1eddi tr\u1edf l\u00ean  L\u00f2ng n\u1ed3i d\u00e0y d\u1eb7n ph\u1ee7 ch\u1ed1ng d\u00ednh 3 l\u1edbp cao c\u1ea5p, an to\u00e0n s\u1ee9c kh\u1ecfe  Thi\u1ebft k\u1ebf sang tr\u1ecdng hi\u1ec7n \u0111\u1ea1i - m\u00e0u s\u1eafc trang nh\u00e3  C\u00f4ng ngh\u1ec7 \u1ee7 \u1ea5m \u0111a chi\u1ec1u gi\u00fap c\u01a1m ngon h\u01a1n, gi\u1eef \u1ea5m l\u00e2u h\u01a1n\" \/>\n<meta property=\"og:url\" content=\"https:\/\/giadung4.mauthemewp.com\/?product=noi-com-dien-mizuho-mh18-109b-1-8l\" \/>\n<meta property=\"og:site_name\" content=\"Mizuho - Cho Cu\u1ed9c S\u1ed1ng Tr\u1ecdn V\u1eb9n H\u01a1n!\" \/>\n<meta property=\"article:modified_time\" content=\"2020-03-28T09:06:38+00:00\" \/>\n<meta property=\"og:image\" content=\"https:\/\/giadung4.mauthemewp.com\/wp-content\/uploads\/2019\/07\/MH18-109B.jpg\" \/>\n\t<meta property=\"og:image:width\" content=\"300\" \/>\n\t<meta property=\"og:image:height\" content=\"300\" \/>\n\t<meta property=\"og:image:type\" content=\"image\/jpeg\" \/>\n<meta name=\"twitter:card\" content=\"summary_large_image\" \/>\n<script type=\"application\/ld+json\" class=\"yoast-schema-graph\">{\"@context\":\"https:\/\/schema.org\",\"@graph\":[{\"@type\":\"WebPage\",\"@id\":\"https:\/\/giadung4.mauthemewp.com\/?product=noi-com-dien-mizuho-mh18-109b-1-8l\",\"url\":\"https:\/\/giadung4.mauthemewp.com\/?product=noi-com-dien-mizuho-mh18-109b-1-8l\",\"name\":\"N\u1ed3i c\u01a1m \u0111i\u1ec7n Mizuho MH18-109B 1.8L\",\"isPartOf\":{\"@id\":\"https:\/\/giadung4.mauthemewp.com\/#website\"},\"datePublished\":\"2019-07-08T01:20:28+00:00\",\"dateModified\":\"2020-03-28T09:06:38+00:00\",\"breadcrumb\":{\"@id\":\"https:\/\/giadung4.mauthemewp.com\/?product=noi-com-dien-mizuho-mh18-109b-1-8l#breadcrumb\"},\"inLanguage\":\"vi\",\"potentialAction\":[{\"@type\":\"ReadAction\",\"target\":[\"https:\/\/giadung4.mauthemewp.com\/?product=noi-com-dien-mizuho-mh18-109b-1-8l\"]}]},{\"@type\":\"BreadcrumbList\",\"@id\":\"https:\/\/giadung4.mauthemewp.com\/?product=noi-com-dien-mizuho-mh18-109b-1-8l#breadcrumb\",\"itemListElement\":[{\"@type\":\"ListItem\",\"position\":1,\"name\":\"Trang ch\u1ee7\",\"item\":\"https:\/\/giadung4.mauthemewp.com\/\"},{\"@type\":\"ListItem\",\"position\":2,\"name\":\"S\u1ea3n ph\u1ea9m\",\"item\":\"https:\/\/giadung4.mauthemewp.com\/?post_type=product\"},{\"@type\":\"ListItem\",\"position\":3,\"name\":\"N\u1ed3i c\u01a1m \u0111i\u1ec7n Mizuho MH18-109B 1.8L\"}]},{\"@type\":\"WebSite\",\"@id\":\"https:\/\/giadung4.mauthemewp.com\/#website\",\"url\":\"https:\/\/giadung4.mauthemewp.com\/\",\"name\":\"Mizuho - Cho Cu\u1ed9c S\u1ed1ng Tr\u1ecdn V\u1eb9n H\u01a1n!\",\"description\":\"Mizuho Vi\u1ec7t Nam\",\"potentialAction\":[{\"@type\":\"SearchAction\",\"target\":{\"@type\":\"EntryPoint\",\"urlTemplate\":\"https:\/\/giadung4.mauthemewp.com\/?s={search_term_string}\"},\"query-input\":\"required name=search_term_string\"}],\"inLanguage\":\"vi\"}]}<\/script>\n<!-- \/ Yoast SEO plugin. -->","yoast_head_json":{"title":"N\u1ed3i c\u01a1m \u0111i\u1ec7n Mizuho MH18-109B 1.8L","robots":{"index":"index","follow":"follow","max-snippet":"max-snippet:-1","max-image-preview":"max-image-preview:large","max-video-preview":"max-video-preview:-1"},"og_locale":"vi_VN","og_type":"article","og_title":"N\u1ed3i c\u01a1m \u0111i\u1ec7n Mizuho MH18-109B 1.8L","og_description":"Dung t\u00edch: 1.8 l\u00edt, th\u00edch h\u1ee3p cho gia \u0111\u00ecnh t\u1eeb 4 - 6 ng\u01b0\u1eddi tr\u1edf l\u00ean  L\u00f2ng n\u1ed3i d\u00e0y d\u1eb7n ph\u1ee7 ch\u1ed1ng d\u00ednh 3 l\u1edbp cao c\u1ea5p, an to\u00e0n s\u1ee9c kh\u1ecfe  Thi\u1ebft k\u1ebf sang tr\u1ecdng hi\u1ec7n \u0111\u1ea1i - m\u00e0u s\u1eafc trang nh\u00e3  C\u00f4ng ngh\u1ec7 \u1ee7 \u1ea5m \u0111a chi\u1ec1u gi\u00fap c\u01a1m ngon h\u01a1n, gi\u1eef \u1ea5m l\u00e2u h\u01a1n","og_url":"https:\/\/giadung4.mauthemewp.com\/?product=noi-com-dien-mizuho-mh18-109b-1-8l","og_site_name":"Mizuho - Cho Cu\u1ed9c S\u1ed1ng Tr\u1ecdn V\u1eb9n H\u01a1n!","article_modified_time":"2020-03-28T09:06:38+00:00","og_image":[{"width":300,"height":300,"url":"https:\/\/giadung4.mauthemewp.com\/wp-content\/uploads\/2019\/07\/MH18-109B.jpg","type":"image\/jpeg"}],"twitter_card":"summary_large_image","schema":{"@context":"https:\/\/schema.org","@graph":[{"@type":"WebPage","@id":"https:\/\/giadung4.mauthemewp.com\/?product=noi-com-dien-mizuho-mh18-109b-1-8l","url":"https:\/\/giadung4.mauthemewp.com\/?product=noi-com-dien-mizuho-mh18-109b-1-8l","name":"N\u1ed3i c\u01a1m \u0111i\u1ec7n Mizuho MH18-109B 1.8L","isPartOf":{"@id":"https:\/\/giadung4.mauthemewp.com\/#website"},"datePublished":"2019-07-08T01:20:28+00:00","dateModified":"2020-03-28T09:06:38+00:00","breadcrumb":{"@id":"https:\/\/giadung4.mauthemewp.com\/?product=noi-com-dien-mizuho-mh18-109b-1-8l#breadcrumb"},"inLanguage":"vi","potentialAction":[{"@type":"ReadAction","target":["https:\/\/giadung4.mauthemewp.com\/?product=noi-com-dien-mizuho-mh18-109b-1-8l"]}]},{"@type":"BreadcrumbList","@id":"https:\/\/giadung4.mauthemewp.com\/?product=noi-com-dien-mizuho-mh18-109b-1-8l#breadcrumb","itemListElement":[{"@type":"ListItem","position":1,"name":"Trang ch\u1ee7","item":"https:\/\/giadung4.mauthemewp.com\/"},{"@type":"ListItem","position":2,"name":"S\u1ea3n ph\u1ea9m","item":"https:\/\/giadung4.mauthemewp.com\/?post_type=product"},{"@type":"ListItem","position":3,"name":"N\u1ed3i c\u01a1m \u0111i\u1ec7n Mizuho MH18-109B 1.8L"}]},{"@type":"WebSite","@id":"https:\/\/giadung4.mauthemewp.com\/#website","url":"https:\/\/giadung4.mauthemewp.com\/","name":"Mizuho - Cho Cu\u1ed9c S\u1ed1ng Tr\u1ecdn V\u1eb9n H\u01a1n!","description":"Mizuho Vi\u1ec7t Nam","potentialAction":[{"@type":"SearchAction","target":{"@type":"EntryPoint","urlTemplate":"https:\/\/giadung4.mauthemewp.com\/?s={search_term_string}"},"query-input":"required name=search_term_string"}],"inLanguage":"vi"}]}},"_links":{"self":[{"href":"https:\/\/giadung4.mauthemewp.com\/index.php?rest_route=\/wp\/v2\/product\/1048"}],"collection":[{"href":"https:\/\/giadung4.mauthemewp.com\/index.php?rest_route=\/wp\/v2\/product"}],"about":[{"href":"https:\/\/giadung4.mauthemewp.com\/index.php?rest_route=\/wp\/v2\/types\/product"}],"replies":[{"embeddable":true,"href":"https:\/\/giadung4.mauthemewp.com\/index.php?rest_route=%2Fwp%2Fv2%2Fcomments&post=1048"}],"wp:featuredmedia":[{"embeddable":true,"href":"https:\/\/giadung4.mauthemewp.com\/index.php?rest_route=\/wp\/v2\/media\/1045"}],"wp:attachment":[{"href":"https:\/\/giadung4.mauthemewp.com\/index.php?rest_route=%2Fwp%2Fv2%2Fmedia&parent=1048"}],"wp:term":[{"taxonomy":"product_cat","embeddable":true,"href":"https:\/\/giadung4.mauthemewp.com\/index.php?rest_route=%2Fwp%2Fv2%2Fproduct_cat&post=1048"},{"taxonomy":"product_tag","embeddable":true,"href":"https:\/\/giadung4.mauthemewp.com\/index.php?rest_route=%2Fwp%2Fv2%2Fproduct_tag&post=1048"}],"curies":[{"name":"wp","href":"https:\/\/api.w.org\/{rel}","templated":true}]}}