{"id":1116,"date":"2019-07-11T07:52:22","date_gmt":"2019-07-11T00:52:22","guid":{"rendered":"http:\/\/mau3.maudep.com.vn\/giadung1\/?post_type=product&#038;p=1116"},"modified":"2020-03-28T15:50:54","modified_gmt":"2020-03-28T08:50:54","slug":"bep-tu-don-mizuho-mh-801","status":"publish","type":"product","link":"https:\/\/giadung4.mauthemewp.com\/?product=bep-tu-don-mizuho-mh-801","title":{"rendered":"B\u1ebfp t\u1eeb \u0111\u01a1n Mizuho MH-801"},"content":{"rendered":"<p><img loading=\"lazy\" decoding=\"async\" class=\"alignnone size-full wp-image-1108 aligncenter\" src=\"http:\/\/mau3.maudep.com.vn\/giadung1\/wp-content\/uploads\/2019\/07\/MH-801.jpg\" alt=\"\" width=\"300\" height=\"300\" srcset=\"https:\/\/giadung4.mauthemewp.com\/wp-content\/uploads\/2019\/07\/MH-801.jpg 300w, https:\/\/giadung4.mauthemewp.com\/wp-content\/uploads\/2019\/07\/MH-801-150x150.jpg 150w, https:\/\/giadung4.mauthemewp.com\/wp-content\/uploads\/2019\/07\/MH-801-100x100.jpg 100w\" sizes=\"(max-width: 300px) 100vw, 300px\" \/><\/p>\n<p style=\"text-align: center;\">B\u1ebfp t\u1eeb \u0111\u01a1n Mizuho MH-801<\/p>\n","protected":false},"excerpt":{"rendered":"<ul>\n<li><span style=\"font-size: 11pt;\">M\u1eb7t k\u00ednh c\u01b0\u1eddng l\u1ef1c ch\u1ed1ng x\u01b0\u1edbc, ch\u1ecbu nhi\u1ec7t t\u1ed1t 750 \u0111\u1ed9 C<\/span><\/li>\n<li><span style=\"font-size: 11pt;\">M\u00e2m t\u1eeb \u0111\u01b0\u1ee3c l\u00e0m b\u1eb1ng \u0111\u1ed3ng nguy\u00ean ch\u1ea5t \u0111\u1ed9 b\u1ec1n cao<\/span><\/li>\n<li><span style=\"font-size: 11pt;\">B\u1ea3ng \u0111i\u1ec1u khi\u1ec3n Ti\u1ebfng Vi\u1ec7t, ph\u00edm b\u1ea5m c\u1ea3m \u1ee9ng c\u00f3 \u0111\u00e8n LED hi\u1ec3n th\u1ecb<\/span><\/li>\n<li><span style=\"font-size: 11pt;\">Thi\u1ebft k\u1ebf sang tr\u1ecdng, m\u00e0u s\u1eafc trang nh\u00e3, hoa v\u0103n tinh t\u1ebf<\/span><\/li>\n<li><span style=\"font-size: 11pt;\">T\u1eb6NG K\u00c8M N\u1ed2I INOX TI\u1ec6N D\u1ee4NG<\/span><\/li>\n<\/ul>\n","protected":false},"featured_media":1108,"comment_status":"open","ping_status":"closed","template":"","meta":[],"product_cat":[36,293,273,292,281,254],"product_tag":[],"yoast_head":"<!-- This site is optimized with the Yoast SEO plugin v21.6 - https:\/\/yoast.com\/wordpress\/plugins\/seo\/ -->\n<title>B\u1ebfp t\u1eeb \u0111\u01a1n Mizuho MH-801<\/title>\n<meta name=\"robots\" content=\"index, follow, max-snippet:-1, max-image-preview:large, max-video-preview:-1\" \/>\n<meta property=\"og:locale\" content=\"vi_VN\" \/>\n<meta property=\"og:type\" content=\"article\" \/>\n<meta property=\"og:title\" content=\"B\u1ebfp t\u1eeb \u0111\u01a1n Mizuho MH-801\" \/>\n<meta property=\"og:description\" content=\"M\u1eb7t k\u00ednh c\u01b0\u1eddng l\u1ef1c ch\u1ed1ng x\u01b0\u1edbc, ch\u1ecbu nhi\u1ec7t t\u1ed1t 750 \u0111\u1ed9 C  M\u00e2m t\u1eeb \u0111\u01b0\u1ee3c l\u00e0m b\u1eb1ng \u0111\u1ed3ng nguy\u00ean ch\u1ea5t \u0111\u1ed9 b\u1ec1n cao  B\u1ea3ng \u0111i\u1ec1u khi\u1ec3n Ti\u1ebfng Vi\u1ec7t, ph\u00edm b\u1ea5m c\u1ea3m \u1ee9ng c\u00f3 \u0111\u00e8n LED hi\u1ec3n th\u1ecb  Thi\u1ebft k\u1ebf sang tr\u1ecdng, m\u00e0u s\u1eafc trang nh\u00e3, hoa v\u0103n tinh t\u1ebf  T\u1eb6NG K\u00c8M N\u1ed2I INOX TI\u1ec6N D\u1ee4NG\" \/>\n<meta property=\"og:url\" content=\"https:\/\/giadung4.mauthemewp.com\/?product=bep-tu-don-mizuho-mh-801\" \/>\n<meta property=\"og:site_name\" content=\"Mizuho - Cho Cu\u1ed9c S\u1ed1ng Tr\u1ecdn V\u1eb9n H\u01a1n!\" \/>\n<meta property=\"article:modified_time\" content=\"2020-03-28T08:50:54+00:00\" \/>\n<meta property=\"og:image\" content=\"https:\/\/giadung4.mauthemewp.com\/wp-content\/uploads\/2019\/07\/MH-801.jpg\" \/>\n\t<meta property=\"og:image:width\" content=\"300\" \/>\n\t<meta property=\"og:image:height\" content=\"300\" \/>\n\t<meta property=\"og:image:type\" content=\"image\/jpeg\" \/>\n<meta name=\"twitter:card\" content=\"summary_large_image\" \/>\n<script type=\"application\/ld+json\" class=\"yoast-schema-graph\">{\"@context\":\"https:\/\/schema.org\",\"@graph\":[{\"@type\":\"WebPage\",\"@id\":\"https:\/\/giadung4.mauthemewp.com\/?product=bep-tu-don-mizuho-mh-801\",\"url\":\"https:\/\/giadung4.mauthemewp.com\/?product=bep-tu-don-mizuho-mh-801\",\"name\":\"B\u1ebfp t\u1eeb \u0111\u01a1n Mizuho MH-801\",\"isPartOf\":{\"@id\":\"https:\/\/giadung4.mauthemewp.com\/#website\"},\"datePublished\":\"2019-07-11T00:52:22+00:00\",\"dateModified\":\"2020-03-28T08:50:54+00:00\",\"breadcrumb\":{\"@id\":\"https:\/\/giadung4.mauthemewp.com\/?product=bep-tu-don-mizuho-mh-801#breadcrumb\"},\"inLanguage\":\"vi\",\"potentialAction\":[{\"@type\":\"ReadAction\",\"target\":[\"https:\/\/giadung4.mauthemewp.com\/?product=bep-tu-don-mizuho-mh-801\"]}]},{\"@type\":\"BreadcrumbList\",\"@id\":\"https:\/\/giadung4.mauthemewp.com\/?product=bep-tu-don-mizuho-mh-801#breadcrumb\",\"itemListElement\":[{\"@type\":\"ListItem\",\"position\":1,\"name\":\"Trang ch\u1ee7\",\"item\":\"https:\/\/giadung4.mauthemewp.com\/\"},{\"@type\":\"ListItem\",\"position\":2,\"name\":\"S\u1ea3n ph\u1ea9m\",\"item\":\"https:\/\/giadung4.mauthemewp.com\/?post_type=product\"},{\"@type\":\"ListItem\",\"position\":3,\"name\":\"B\u1ebfp t\u1eeb \u0111\u01a1n Mizuho MH-801\"}]},{\"@type\":\"WebSite\",\"@id\":\"https:\/\/giadung4.mauthemewp.com\/#website\",\"url\":\"https:\/\/giadung4.mauthemewp.com\/\",\"name\":\"Mizuho - Cho Cu\u1ed9c S\u1ed1ng Tr\u1ecdn V\u1eb9n H\u01a1n!\",\"description\":\"Mizuho Vi\u1ec7t Nam\",\"potentialAction\":[{\"@type\":\"SearchAction\",\"target\":{\"@type\":\"EntryPoint\",\"urlTemplate\":\"https:\/\/giadung4.mauthemewp.com\/?s={search_term_string}\"},\"query-input\":\"required name=search_term_string\"}],\"inLanguage\":\"vi\"}]}<\/script>\n<!-- \/ Yoast SEO plugin. -->","yoast_head_json":{"title":"B\u1ebfp t\u1eeb \u0111\u01a1n Mizuho MH-801","robots":{"index":"index","follow":"follow","max-snippet":"max-snippet:-1","max-image-preview":"max-image-preview:large","max-video-preview":"max-video-preview:-1"},"og_locale":"vi_VN","og_type":"article","og_title":"B\u1ebfp t\u1eeb \u0111\u01a1n Mizuho MH-801","og_description":"M\u1eb7t k\u00ednh c\u01b0\u1eddng l\u1ef1c ch\u1ed1ng x\u01b0\u1edbc, ch\u1ecbu nhi\u1ec7t t\u1ed1t 750 \u0111\u1ed9 C  M\u00e2m t\u1eeb \u0111\u01b0\u1ee3c l\u00e0m b\u1eb1ng \u0111\u1ed3ng nguy\u00ean ch\u1ea5t \u0111\u1ed9 b\u1ec1n cao  B\u1ea3ng \u0111i\u1ec1u khi\u1ec3n Ti\u1ebfng Vi\u1ec7t, ph\u00edm b\u1ea5m c\u1ea3m \u1ee9ng c\u00f3 \u0111\u00e8n LED hi\u1ec3n th\u1ecb  Thi\u1ebft k\u1ebf sang tr\u1ecdng, m\u00e0u s\u1eafc trang nh\u00e3, hoa v\u0103n tinh t\u1ebf  T\u1eb6NG K\u00c8M N\u1ed2I INOX TI\u1ec6N D\u1ee4NG","og_url":"https:\/\/giadung4.mauthemewp.com\/?product=bep-tu-don-mizuho-mh-801","og_site_name":"Mizuho - Cho Cu\u1ed9c S\u1ed1ng Tr\u1ecdn V\u1eb9n H\u01a1n!","article_modified_time":"2020-03-28T08:50:54+00:00","og_image":[{"width":300,"height":300,"url":"https:\/\/giadung4.mauthemewp.com\/wp-content\/uploads\/2019\/07\/MH-801.jpg","type":"image\/jpeg"}],"twitter_card":"summary_large_image","schema":{"@context":"https:\/\/schema.org","@graph":[{"@type":"WebPage","@id":"https:\/\/giadung4.mauthemewp.com\/?product=bep-tu-don-mizuho-mh-801","url":"https:\/\/giadung4.mauthemewp.com\/?product=bep-tu-don-mizuho-mh-801","name":"B\u1ebfp t\u1eeb \u0111\u01a1n Mizuho MH-801","isPartOf":{"@id":"https:\/\/giadung4.mauthemewp.com\/#website"},"datePublished":"2019-07-11T00:52:22+00:00","dateModified":"2020-03-28T08:50:54+00:00","breadcrumb":{"@id":"https:\/\/giadung4.mauthemewp.com\/?product=bep-tu-don-mizuho-mh-801#breadcrumb"},"inLanguage":"vi","potentialAction":[{"@type":"ReadAction","target":["https:\/\/giadung4.mauthemewp.com\/?product=bep-tu-don-mizuho-mh-801"]}]},{"@type":"BreadcrumbList","@id":"https:\/\/giadung4.mauthemewp.com\/?product=bep-tu-don-mizuho-mh-801#breadcrumb","itemListElement":[{"@type":"ListItem","position":1,"name":"Trang ch\u1ee7","item":"https:\/\/giadung4.mauthemewp.com\/"},{"@type":"ListItem","position":2,"name":"S\u1ea3n ph\u1ea9m","item":"https:\/\/giadung4.mauthemewp.com\/?post_type=product"},{"@type":"ListItem","position":3,"name":"B\u1ebfp t\u1eeb \u0111\u01a1n Mizuho MH-801"}]},{"@type":"WebSite","@id":"https:\/\/giadung4.mauthemewp.com\/#website","url":"https:\/\/giadung4.mauthemewp.com\/","name":"Mizuho - Cho Cu\u1ed9c S\u1ed1ng Tr\u1ecdn V\u1eb9n H\u01a1n!","description":"Mizuho Vi\u1ec7t Nam","potentialAction":[{"@type":"SearchAction","target":{"@type":"EntryPoint","urlTemplate":"https:\/\/giadung4.mauthemewp.com\/?s={search_term_string}"},"query-input":"required name=search_term_string"}],"inLanguage":"vi"}]}},"_links":{"self":[{"href":"https:\/\/giadung4.mauthemewp.com\/index.php?rest_route=\/wp\/v2\/product\/1116"}],"collection":[{"href":"https:\/\/giadung4.mauthemewp.com\/index.php?rest_route=\/wp\/v2\/product"}],"about":[{"href":"https:\/\/giadung4.mauthemewp.com\/index.php?rest_route=\/wp\/v2\/types\/product"}],"replies":[{"embeddable":true,"href":"https:\/\/giadung4.mauthemewp.com\/index.php?rest_route=%2Fwp%2Fv2%2Fcomments&post=1116"}],"wp:featuredmedia":[{"embeddable":true,"href":"https:\/\/giadung4.mauthemewp.com\/index.php?rest_route=\/wp\/v2\/media\/1108"}],"wp:attachment":[{"href":"https:\/\/giadung4.mauthemewp.com\/index.php?rest_route=%2Fwp%2Fv2%2Fmedia&parent=1116"}],"wp:term":[{"taxonomy":"product_cat","embeddable":true,"href":"https:\/\/giadung4.mauthemewp.com\/index.php?rest_route=%2Fwp%2Fv2%2Fproduct_cat&post=1116"},{"taxonomy":"product_tag","embeddable":true,"href":"https:\/\/giadung4.mauthemewp.com\/index.php?rest_route=%2Fwp%2Fv2%2Fproduct_tag&post=1116"}],"curies":[{"name":"wp","href":"https:\/\/api.w.org\/{rel}","templated":true}]}}