{"id":1119,"date":"2019-07-11T08:06:01","date_gmt":"2019-07-11T01:06:01","guid":{"rendered":"http:\/\/mau3.maudep.com.vn\/giadung1\/?post_type=product&#038;p=1119"},"modified":"2019-07-22T11:45:27","modified_gmt":"2019-07-22T04:45:27","slug":"bep-doi-tu-hong-ngoai-mh-ih3979in-01","status":"publish","type":"product","link":"https:\/\/giadung4.mauthemewp.com\/?product=bep-doi-tu-hong-ngoai-mh-ih3979in-01","title":{"rendered":"B\u1ebfp \u0111\u00f4i t\u1eeb &#8211; h\u1ed3ng ngo\u1ea1i Mizuho MH-IH3979IN.01"},"content":{"rendered":"<p><img loading=\"lazy\" decoding=\"async\" class=\"alignnone size-full wp-image-1122 aligncenter\" src=\"http:\/\/mau3.maudep.com.vn\/giadung1\/wp-content\/uploads\/2019\/07\/MH-IH3979IN.01.jpg\" alt=\"\" width=\"400\" height=\"400\" srcset=\"https:\/\/giadung4.mauthemewp.com\/wp-content\/uploads\/2019\/07\/MH-IH3979IN.01.jpg 400w, https:\/\/giadung4.mauthemewp.com\/wp-content\/uploads\/2019\/07\/MH-IH3979IN.01-150x150.jpg 150w, https:\/\/giadung4.mauthemewp.com\/wp-content\/uploads\/2019\/07\/MH-IH3979IN.01-300x300.jpg 300w, https:\/\/giadung4.mauthemewp.com\/wp-content\/uploads\/2019\/07\/MH-IH3979IN.01-100x100.jpg 100w\" sizes=\"(max-width: 400px) 100vw, 400px\" \/><\/p>\n<p style=\"text-align: center;\">B\u1ebfp \u0111\u00f4i t\u1eeb &#8211; h\u1ed3ng ngo\u1ea1i MH-IH3979IN.01<\/p>\n","protected":false},"excerpt":{"rendered":"<ul>\n<li><span style=\"font-size: 11pt;\">M\u1ea1ch \u0111i\u1ec1u khi\u1ec3n 2 b\u00ean ri\u00eang bi\u1ec7t<\/span><\/li>\n<li><span style=\"font-size: 11pt;\">M\u1ea1ch l\u1ecdc ngu\u1ed3n, ch\u1ed1ng s\u1ed1c \u0111i\u1ec7n, b\u1ea3o v\u1ec7 qu\u00e1 \u00e1p<\/span><\/li>\n<li><span style=\"font-size: 11pt;\">M\u1eb7t k\u00ednh ch\u1ecbu nhi\u1ec7t, ch\u1ecbu l\u1ef1c, ch\u1ed1ng x\u01b0\u1edbc<\/span><\/li>\n<li><span style=\"font-size: 11pt;\">Ph\u00edm c\u1ea3m \u1ee9ng b\u1ea5m, c\u00f3 \u0111\u00e8n led hi\u1ec3n th\u1ecb<\/span><\/li>\n<li><span style=\"font-size: 11pt;\">B\u1ea3o h\u00e0nh ch\u00ednh h\u00e3ng 3 n\u0103m t\u1ea1i nh\u00e0<\/span><\/li>\n<\/ul>\n","protected":false},"featured_media":1122,"comment_status":"open","ping_status":"closed","template":"","meta":[],"product_cat":[36,294,275,274,273,292,281,254],"product_tag":[],"yoast_head":"<!-- This site is optimized with the Yoast SEO plugin v21.6 - https:\/\/yoast.com\/wordpress\/plugins\/seo\/ -->\n<title>B\u1ebfp \u0111\u00f4i t\u1eeb - h\u1ed3ng ngo\u1ea1i Mizuho MH-IH3979IN.01<\/title>\n<meta name=\"robots\" content=\"index, follow, max-snippet:-1, max-image-preview:large, max-video-preview:-1\" \/>\n<meta property=\"og:locale\" content=\"vi_VN\" \/>\n<meta property=\"og:type\" content=\"article\" \/>\n<meta property=\"og:title\" content=\"B\u1ebfp \u0111\u00f4i t\u1eeb - h\u1ed3ng ngo\u1ea1i Mizuho MH-IH3979IN.01\" \/>\n<meta property=\"og:description\" content=\"M\u1ea1ch \u0111i\u1ec1u khi\u1ec3n 2 b\u00ean ri\u00eang bi\u1ec7t  M\u1ea1ch l\u1ecdc ngu\u1ed3n, ch\u1ed1ng s\u1ed1c \u0111i\u1ec7n, b\u1ea3o v\u1ec7 qu\u00e1 \u00e1p  M\u1eb7t k\u00ednh ch\u1ecbu nhi\u1ec7t, ch\u1ecbu l\u1ef1c, ch\u1ed1ng x\u01b0\u1edbc  Ph\u00edm c\u1ea3m \u1ee9ng b\u1ea5m, c\u00f3 \u0111\u00e8n led hi\u1ec3n th\u1ecb  B\u1ea3o h\u00e0nh ch\u00ednh h\u00e3ng 3 n\u0103m t\u1ea1i nh\u00e0\" \/>\n<meta property=\"og:url\" content=\"https:\/\/giadung4.mauthemewp.com\/?product=bep-doi-tu-hong-ngoai-mh-ih3979in-01\" \/>\n<meta property=\"og:site_name\" content=\"Mizuho - Cho Cu\u1ed9c S\u1ed1ng Tr\u1ecdn V\u1eb9n H\u01a1n!\" \/>\n<meta property=\"article:modified_time\" content=\"2019-07-22T04:45:27+00:00\" \/>\n<meta property=\"og:image\" content=\"https:\/\/giadung4.mauthemewp.com\/wp-content\/uploads\/2019\/07\/MH-IH3979IN.01.jpg\" \/>\n\t<meta property=\"og:image:width\" content=\"400\" \/>\n\t<meta property=\"og:image:height\" content=\"400\" \/>\n\t<meta property=\"og:image:type\" content=\"image\/jpeg\" \/>\n<meta name=\"twitter:card\" content=\"summary_large_image\" \/>\n<script type=\"application\/ld+json\" class=\"yoast-schema-graph\">{\"@context\":\"https:\/\/schema.org\",\"@graph\":[{\"@type\":\"WebPage\",\"@id\":\"https:\/\/giadung4.mauthemewp.com\/?product=bep-doi-tu-hong-ngoai-mh-ih3979in-01\",\"url\":\"https:\/\/giadung4.mauthemewp.com\/?product=bep-doi-tu-hong-ngoai-mh-ih3979in-01\",\"name\":\"B\u1ebfp \u0111\u00f4i t\u1eeb - h\u1ed3ng ngo\u1ea1i Mizuho MH-IH3979IN.01\",\"isPartOf\":{\"@id\":\"https:\/\/giadung4.mauthemewp.com\/#website\"},\"datePublished\":\"2019-07-11T01:06:01+00:00\",\"dateModified\":\"2019-07-22T04:45:27+00:00\",\"breadcrumb\":{\"@id\":\"https:\/\/giadung4.mauthemewp.com\/?product=bep-doi-tu-hong-ngoai-mh-ih3979in-01#breadcrumb\"},\"inLanguage\":\"vi\",\"potentialAction\":[{\"@type\":\"ReadAction\",\"target\":[\"https:\/\/giadung4.mauthemewp.com\/?product=bep-doi-tu-hong-ngoai-mh-ih3979in-01\"]}]},{\"@type\":\"BreadcrumbList\",\"@id\":\"https:\/\/giadung4.mauthemewp.com\/?product=bep-doi-tu-hong-ngoai-mh-ih3979in-01#breadcrumb\",\"itemListElement\":[{\"@type\":\"ListItem\",\"position\":1,\"name\":\"Trang ch\u1ee7\",\"item\":\"https:\/\/giadung4.mauthemewp.com\/\"},{\"@type\":\"ListItem\",\"position\":2,\"name\":\"S\u1ea3n ph\u1ea9m\",\"item\":\"https:\/\/giadung4.mauthemewp.com\/?post_type=product\"},{\"@type\":\"ListItem\",\"position\":3,\"name\":\"B\u1ebfp \u0111\u00f4i t\u1eeb &#8211; h\u1ed3ng ngo\u1ea1i Mizuho MH-IH3979IN.01\"}]},{\"@type\":\"WebSite\",\"@id\":\"https:\/\/giadung4.mauthemewp.com\/#website\",\"url\":\"https:\/\/giadung4.mauthemewp.com\/\",\"name\":\"Mizuho - Cho Cu\u1ed9c S\u1ed1ng Tr\u1ecdn V\u1eb9n H\u01a1n!\",\"description\":\"Mizuho Vi\u1ec7t Nam\",\"potentialAction\":[{\"@type\":\"SearchAction\",\"target\":{\"@type\":\"EntryPoint\",\"urlTemplate\":\"https:\/\/giadung4.mauthemewp.com\/?s={search_term_string}\"},\"query-input\":\"required name=search_term_string\"}],\"inLanguage\":\"vi\"}]}<\/script>\n<!-- \/ Yoast SEO plugin. -->","yoast_head_json":{"title":"B\u1ebfp \u0111\u00f4i t\u1eeb - h\u1ed3ng ngo\u1ea1i Mizuho MH-IH3979IN.01","robots":{"index":"index","follow":"follow","max-snippet":"max-snippet:-1","max-image-preview":"max-image-preview:large","max-video-preview":"max-video-preview:-1"},"og_locale":"vi_VN","og_type":"article","og_title":"B\u1ebfp \u0111\u00f4i t\u1eeb - h\u1ed3ng ngo\u1ea1i Mizuho MH-IH3979IN.01","og_description":"M\u1ea1ch \u0111i\u1ec1u khi\u1ec3n 2 b\u00ean ri\u00eang bi\u1ec7t  M\u1ea1ch l\u1ecdc ngu\u1ed3n, ch\u1ed1ng s\u1ed1c \u0111i\u1ec7n, b\u1ea3o v\u1ec7 qu\u00e1 \u00e1p  M\u1eb7t k\u00ednh ch\u1ecbu nhi\u1ec7t, ch\u1ecbu l\u1ef1c, ch\u1ed1ng x\u01b0\u1edbc  Ph\u00edm c\u1ea3m \u1ee9ng b\u1ea5m, c\u00f3 \u0111\u00e8n led hi\u1ec3n th\u1ecb  B\u1ea3o h\u00e0nh ch\u00ednh h\u00e3ng 3 n\u0103m t\u1ea1i nh\u00e0","og_url":"https:\/\/giadung4.mauthemewp.com\/?product=bep-doi-tu-hong-ngoai-mh-ih3979in-01","og_site_name":"Mizuho - Cho Cu\u1ed9c S\u1ed1ng Tr\u1ecdn V\u1eb9n H\u01a1n!","article_modified_time":"2019-07-22T04:45:27+00:00","og_image":[{"width":400,"height":400,"url":"https:\/\/giadung4.mauthemewp.com\/wp-content\/uploads\/2019\/07\/MH-IH3979IN.01.jpg","type":"image\/jpeg"}],"twitter_card":"summary_large_image","schema":{"@context":"https:\/\/schema.org","@graph":[{"@type":"WebPage","@id":"https:\/\/giadung4.mauthemewp.com\/?product=bep-doi-tu-hong-ngoai-mh-ih3979in-01","url":"https:\/\/giadung4.mauthemewp.com\/?product=bep-doi-tu-hong-ngoai-mh-ih3979in-01","name":"B\u1ebfp \u0111\u00f4i t\u1eeb - h\u1ed3ng ngo\u1ea1i Mizuho MH-IH3979IN.01","isPartOf":{"@id":"https:\/\/giadung4.mauthemewp.com\/#website"},"datePublished":"2019-07-11T01:06:01+00:00","dateModified":"2019-07-22T04:45:27+00:00","breadcrumb":{"@id":"https:\/\/giadung4.mauthemewp.com\/?product=bep-doi-tu-hong-ngoai-mh-ih3979in-01#breadcrumb"},"inLanguage":"vi","potentialAction":[{"@type":"ReadAction","target":["https:\/\/giadung4.mauthemewp.com\/?product=bep-doi-tu-hong-ngoai-mh-ih3979in-01"]}]},{"@type":"BreadcrumbList","@id":"https:\/\/giadung4.mauthemewp.com\/?product=bep-doi-tu-hong-ngoai-mh-ih3979in-01#breadcrumb","itemListElement":[{"@type":"ListItem","position":1,"name":"Trang ch\u1ee7","item":"https:\/\/giadung4.mauthemewp.com\/"},{"@type":"ListItem","position":2,"name":"S\u1ea3n ph\u1ea9m","item":"https:\/\/giadung4.mauthemewp.com\/?post_type=product"},{"@type":"ListItem","position":3,"name":"B\u1ebfp \u0111\u00f4i t\u1eeb &#8211; h\u1ed3ng ngo\u1ea1i Mizuho MH-IH3979IN.01"}]},{"@type":"WebSite","@id":"https:\/\/giadung4.mauthemewp.com\/#website","url":"https:\/\/giadung4.mauthemewp.com\/","name":"Mizuho - Cho Cu\u1ed9c S\u1ed1ng Tr\u1ecdn V\u1eb9n H\u01a1n!","description":"Mizuho Vi\u1ec7t Nam","potentialAction":[{"@type":"SearchAction","target":{"@type":"EntryPoint","urlTemplate":"https:\/\/giadung4.mauthemewp.com\/?s={search_term_string}"},"query-input":"required name=search_term_string"}],"inLanguage":"vi"}]}},"_links":{"self":[{"href":"https:\/\/giadung4.mauthemewp.com\/index.php?rest_route=\/wp\/v2\/product\/1119"}],"collection":[{"href":"https:\/\/giadung4.mauthemewp.com\/index.php?rest_route=\/wp\/v2\/product"}],"about":[{"href":"https:\/\/giadung4.mauthemewp.com\/index.php?rest_route=\/wp\/v2\/types\/product"}],"replies":[{"embeddable":true,"href":"https:\/\/giadung4.mauthemewp.com\/index.php?rest_route=%2Fwp%2Fv2%2Fcomments&post=1119"}],"wp:featuredmedia":[{"embeddable":true,"href":"https:\/\/giadung4.mauthemewp.com\/index.php?rest_route=\/wp\/v2\/media\/1122"}],"wp:attachment":[{"href":"https:\/\/giadung4.mauthemewp.com\/index.php?rest_route=%2Fwp%2Fv2%2Fmedia&parent=1119"}],"wp:term":[{"taxonomy":"product_cat","embeddable":true,"href":"https:\/\/giadung4.mauthemewp.com\/index.php?rest_route=%2Fwp%2Fv2%2Fproduct_cat&post=1119"},{"taxonomy":"product_tag","embeddable":true,"href":"https:\/\/giadung4.mauthemewp.com\/index.php?rest_route=%2Fwp%2Fv2%2Fproduct_tag&post=1119"}],"curies":[{"name":"wp","href":"https:\/\/api.w.org\/{rel}","templated":true}]}}