{"id":1124,"date":"2019-07-11T08:08:22","date_gmt":"2019-07-11T01:08:22","guid":{"rendered":"http:\/\/mau3.maudep.com.vn\/giadung1\/?post_type=product&#038;p=1124"},"modified":"2019-07-22T11:45:12","modified_gmt":"2019-07-22T04:45:12","slug":"bep-tu-doi-mizuho-mh-3939","status":"publish","type":"product","link":"https:\/\/giadung4.mauthemewp.com\/?product=bep-tu-doi-mizuho-mh-3939","title":{"rendered":"B\u1ebfp t\u1eeb \u0111\u00f4i Mizuho MH-3939"},"content":{"rendered":"<p>B\u1ebfp t\u1eeb \u0111\u00f4i Mizuho MH-3939<\/p>\n","protected":false},"excerpt":{"rendered":"<ul>\n<li><span style=\"font-size: 11pt;\">M\u1ea1ch \u0111i\u1ec1u khi\u1ec3n 2 b\u00ean ri\u00eang bi\u1ec7t, p<\/span><span style=\"font-size: 11pt;\">h\u00edm c\u1ea3m \u1ee9ng b\u1ea5m, c\u00f3 \u0111\u00e8n led hi\u1ec3n th\u1ecb<\/span><\/li>\n<li><span style=\"font-size: 11pt;\">D\u00e2y ngu\u1ed3n ch\u1ea5t li\u1ec7u l\u00f5i 100% d\u00e2y \u0111\u1ed3ng<\/span><\/li>\n<li><span style=\"font-size: 11pt;\">M\u1eb7t k\u00ednh ch\u1ecbu nhi\u1ec7t, ch\u1ecbu l\u1ef1c, ch\u1ed1ng x\u01b0\u1edbc<\/span><\/li>\n<li><span style=\"font-size: 14.6667px;\">M\u00e2m t\u1eeb \u0111\u01b0\u1ee3c l\u00e0m b\u1eb1ng \u0111\u1ed3ng, \u0111\u01b0\u1eddng k\u00ednh l\u1edbn t\u1ea1o hi\u1ec7u su\u1ea5t t\u1ed1i \u0111a cho b\u1ebfp<\/span><\/li>\n<li><span style=\"font-size: 11pt;\">B\u1ea3o h\u00e0nh ch\u00ednh h\u00e3ng 3 n\u0103m t\u1ea1i nh\u00e0<\/span><\/li>\n<\/ul>\n","protected":false},"featured_media":1121,"comment_status":"open","ping_status":"closed","template":"","meta":[],"product_cat":[36,294,275,273,292,281],"product_tag":[],"yoast_head":"<!-- This site is optimized with the Yoast SEO plugin v21.6 - https:\/\/yoast.com\/wordpress\/plugins\/seo\/ -->\n<title>B\u1ebfp t\u1eeb \u0111\u00f4i Mizuho MH-3939<\/title>\n<meta name=\"robots\" content=\"index, follow, max-snippet:-1, max-image-preview:large, max-video-preview:-1\" \/>\n<meta property=\"og:locale\" content=\"vi_VN\" \/>\n<meta property=\"og:type\" content=\"article\" \/>\n<meta property=\"og:title\" content=\"B\u1ebfp t\u1eeb \u0111\u00f4i Mizuho MH-3939\" \/>\n<meta property=\"og:description\" content=\"M\u1ea1ch \u0111i\u1ec1u khi\u1ec3n 2 b\u00ean ri\u00eang bi\u1ec7t, ph\u00edm c\u1ea3m \u1ee9ng b\u1ea5m, c\u00f3 \u0111\u00e8n led hi\u1ec3n th\u1ecb  D\u00e2y ngu\u1ed3n ch\u1ea5t li\u1ec7u l\u00f5i 100% d\u00e2y \u0111\u1ed3ng  M\u1eb7t k\u00ednh ch\u1ecbu nhi\u1ec7t, ch\u1ecbu l\u1ef1c, ch\u1ed1ng x\u01b0\u1edbc  M\u00e2m t\u1eeb \u0111\u01b0\u1ee3c l\u00e0m b\u1eb1ng \u0111\u1ed3ng, \u0111\u01b0\u1eddng k\u00ednh l\u1edbn t\u1ea1o hi\u1ec7u su\u1ea5t t\u1ed1i \u0111a cho b\u1ebfp  B\u1ea3o h\u00e0nh ch\u00ednh h\u00e3ng 3 n\u0103m t\u1ea1i nh\u00e0\" \/>\n<meta property=\"og:url\" content=\"https:\/\/giadung4.mauthemewp.com\/?product=bep-tu-doi-mizuho-mh-3939\" \/>\n<meta property=\"og:site_name\" content=\"Mizuho - Cho Cu\u1ed9c S\u1ed1ng Tr\u1ecdn V\u1eb9n H\u01a1n!\" \/>\n<meta property=\"article:modified_time\" content=\"2019-07-22T04:45:12+00:00\" \/>\n<meta property=\"og:image\" content=\"https:\/\/giadung4.mauthemewp.com\/wp-content\/uploads\/2019\/07\/MH-3939.jpg\" \/>\n\t<meta property=\"og:image:width\" content=\"400\" \/>\n\t<meta property=\"og:image:height\" content=\"400\" \/>\n\t<meta property=\"og:image:type\" content=\"image\/jpeg\" \/>\n<meta name=\"twitter:card\" content=\"summary_large_image\" \/>\n<script type=\"application\/ld+json\" class=\"yoast-schema-graph\">{\"@context\":\"https:\/\/schema.org\",\"@graph\":[{\"@type\":\"WebPage\",\"@id\":\"https:\/\/giadung4.mauthemewp.com\/?product=bep-tu-doi-mizuho-mh-3939\",\"url\":\"https:\/\/giadung4.mauthemewp.com\/?product=bep-tu-doi-mizuho-mh-3939\",\"name\":\"B\u1ebfp t\u1eeb \u0111\u00f4i Mizuho MH-3939\",\"isPartOf\":{\"@id\":\"https:\/\/giadung4.mauthemewp.com\/#website\"},\"datePublished\":\"2019-07-11T01:08:22+00:00\",\"dateModified\":\"2019-07-22T04:45:12+00:00\",\"breadcrumb\":{\"@id\":\"https:\/\/giadung4.mauthemewp.com\/?product=bep-tu-doi-mizuho-mh-3939#breadcrumb\"},\"inLanguage\":\"vi\",\"potentialAction\":[{\"@type\":\"ReadAction\",\"target\":[\"https:\/\/giadung4.mauthemewp.com\/?product=bep-tu-doi-mizuho-mh-3939\"]}]},{\"@type\":\"BreadcrumbList\",\"@id\":\"https:\/\/giadung4.mauthemewp.com\/?product=bep-tu-doi-mizuho-mh-3939#breadcrumb\",\"itemListElement\":[{\"@type\":\"ListItem\",\"position\":1,\"name\":\"Trang ch\u1ee7\",\"item\":\"https:\/\/giadung4.mauthemewp.com\/\"},{\"@type\":\"ListItem\",\"position\":2,\"name\":\"S\u1ea3n ph\u1ea9m\",\"item\":\"https:\/\/giadung4.mauthemewp.com\/?post_type=product\"},{\"@type\":\"ListItem\",\"position\":3,\"name\":\"B\u1ebfp t\u1eeb \u0111\u00f4i Mizuho MH-3939\"}]},{\"@type\":\"WebSite\",\"@id\":\"https:\/\/giadung4.mauthemewp.com\/#website\",\"url\":\"https:\/\/giadung4.mauthemewp.com\/\",\"name\":\"Mizuho - Cho Cu\u1ed9c S\u1ed1ng Tr\u1ecdn V\u1eb9n H\u01a1n!\",\"description\":\"Mizuho Vi\u1ec7t Nam\",\"potentialAction\":[{\"@type\":\"SearchAction\",\"target\":{\"@type\":\"EntryPoint\",\"urlTemplate\":\"https:\/\/giadung4.mauthemewp.com\/?s={search_term_string}\"},\"query-input\":\"required name=search_term_string\"}],\"inLanguage\":\"vi\"}]}<\/script>\n<!-- \/ Yoast SEO plugin. -->","yoast_head_json":{"title":"B\u1ebfp t\u1eeb \u0111\u00f4i Mizuho MH-3939","robots":{"index":"index","follow":"follow","max-snippet":"max-snippet:-1","max-image-preview":"max-image-preview:large","max-video-preview":"max-video-preview:-1"},"og_locale":"vi_VN","og_type":"article","og_title":"B\u1ebfp t\u1eeb \u0111\u00f4i Mizuho MH-3939","og_description":"M\u1ea1ch \u0111i\u1ec1u khi\u1ec3n 2 b\u00ean ri\u00eang bi\u1ec7t, ph\u00edm c\u1ea3m \u1ee9ng b\u1ea5m, c\u00f3 \u0111\u00e8n led hi\u1ec3n th\u1ecb  D\u00e2y ngu\u1ed3n ch\u1ea5t li\u1ec7u l\u00f5i 100% d\u00e2y \u0111\u1ed3ng  M\u1eb7t k\u00ednh ch\u1ecbu nhi\u1ec7t, ch\u1ecbu l\u1ef1c, ch\u1ed1ng x\u01b0\u1edbc  M\u00e2m t\u1eeb \u0111\u01b0\u1ee3c l\u00e0m b\u1eb1ng \u0111\u1ed3ng, \u0111\u01b0\u1eddng k\u00ednh l\u1edbn t\u1ea1o hi\u1ec7u su\u1ea5t t\u1ed1i \u0111a cho b\u1ebfp  B\u1ea3o h\u00e0nh ch\u00ednh h\u00e3ng 3 n\u0103m t\u1ea1i nh\u00e0","og_url":"https:\/\/giadung4.mauthemewp.com\/?product=bep-tu-doi-mizuho-mh-3939","og_site_name":"Mizuho - Cho Cu\u1ed9c S\u1ed1ng Tr\u1ecdn V\u1eb9n H\u01a1n!","article_modified_time":"2019-07-22T04:45:12+00:00","og_image":[{"width":400,"height":400,"url":"https:\/\/giadung4.mauthemewp.com\/wp-content\/uploads\/2019\/07\/MH-3939.jpg","type":"image\/jpeg"}],"twitter_card":"summary_large_image","schema":{"@context":"https:\/\/schema.org","@graph":[{"@type":"WebPage","@id":"https:\/\/giadung4.mauthemewp.com\/?product=bep-tu-doi-mizuho-mh-3939","url":"https:\/\/giadung4.mauthemewp.com\/?product=bep-tu-doi-mizuho-mh-3939","name":"B\u1ebfp t\u1eeb \u0111\u00f4i Mizuho MH-3939","isPartOf":{"@id":"https:\/\/giadung4.mauthemewp.com\/#website"},"datePublished":"2019-07-11T01:08:22+00:00","dateModified":"2019-07-22T04:45:12+00:00","breadcrumb":{"@id":"https:\/\/giadung4.mauthemewp.com\/?product=bep-tu-doi-mizuho-mh-3939#breadcrumb"},"inLanguage":"vi","potentialAction":[{"@type":"ReadAction","target":["https:\/\/giadung4.mauthemewp.com\/?product=bep-tu-doi-mizuho-mh-3939"]}]},{"@type":"BreadcrumbList","@id":"https:\/\/giadung4.mauthemewp.com\/?product=bep-tu-doi-mizuho-mh-3939#breadcrumb","itemListElement":[{"@type":"ListItem","position":1,"name":"Trang ch\u1ee7","item":"https:\/\/giadung4.mauthemewp.com\/"},{"@type":"ListItem","position":2,"name":"S\u1ea3n ph\u1ea9m","item":"https:\/\/giadung4.mauthemewp.com\/?post_type=product"},{"@type":"ListItem","position":3,"name":"B\u1ebfp t\u1eeb \u0111\u00f4i Mizuho MH-3939"}]},{"@type":"WebSite","@id":"https:\/\/giadung4.mauthemewp.com\/#website","url":"https:\/\/giadung4.mauthemewp.com\/","name":"Mizuho - Cho Cu\u1ed9c S\u1ed1ng Tr\u1ecdn V\u1eb9n H\u01a1n!","description":"Mizuho Vi\u1ec7t Nam","potentialAction":[{"@type":"SearchAction","target":{"@type":"EntryPoint","urlTemplate":"https:\/\/giadung4.mauthemewp.com\/?s={search_term_string}"},"query-input":"required name=search_term_string"}],"inLanguage":"vi"}]}},"_links":{"self":[{"href":"https:\/\/giadung4.mauthemewp.com\/index.php?rest_route=\/wp\/v2\/product\/1124"}],"collection":[{"href":"https:\/\/giadung4.mauthemewp.com\/index.php?rest_route=\/wp\/v2\/product"}],"about":[{"href":"https:\/\/giadung4.mauthemewp.com\/index.php?rest_route=\/wp\/v2\/types\/product"}],"replies":[{"embeddable":true,"href":"https:\/\/giadung4.mauthemewp.com\/index.php?rest_route=%2Fwp%2Fv2%2Fcomments&post=1124"}],"wp:featuredmedia":[{"embeddable":true,"href":"https:\/\/giadung4.mauthemewp.com\/index.php?rest_route=\/wp\/v2\/media\/1121"}],"wp:attachment":[{"href":"https:\/\/giadung4.mauthemewp.com\/index.php?rest_route=%2Fwp%2Fv2%2Fmedia&parent=1124"}],"wp:term":[{"taxonomy":"product_cat","embeddable":true,"href":"https:\/\/giadung4.mauthemewp.com\/index.php?rest_route=%2Fwp%2Fv2%2Fproduct_cat&post=1124"},{"taxonomy":"product_tag","embeddable":true,"href":"https:\/\/giadung4.mauthemewp.com\/index.php?rest_route=%2Fwp%2Fv2%2Fproduct_tag&post=1124"}],"curies":[{"name":"wp","href":"https:\/\/api.w.org\/{rel}","templated":true}]}}