{"id":1145,"date":"2019-07-11T08:59:55","date_gmt":"2019-07-11T01:59:55","guid":{"rendered":"http:\/\/mau3.maudep.com.vn\/giadung1\/?post_type=product&#038;p=1145"},"modified":"2020-03-28T15:49:02","modified_gmt":"2020-03-28T08:49:02","slug":"may-xay-sinh-to-da-nang-mh-1123","status":"publish","type":"product","link":"https:\/\/giadung4.mauthemewp.com\/?product=may-xay-sinh-to-da-nang-mh-1123","title":{"rendered":"M\u00e1y xay sinh t\u1ed1 \u0111a n\u0103ng MH-1123"},"content":{"rendered":"<p><img loading=\"lazy\" decoding=\"async\" class=\"alignnone size-full wp-image-1148 aligncenter\" src=\"http:\/\/mau3.maudep.com.vn\/giadung1\/wp-content\/uploads\/2019\/07\/MH-1123XT.jpg\" alt=\"\" width=\"300\" height=\"300\" srcset=\"https:\/\/giadung4.mauthemewp.com\/wp-content\/uploads\/2019\/07\/MH-1123XT.jpg 300w, https:\/\/giadung4.mauthemewp.com\/wp-content\/uploads\/2019\/07\/MH-1123XT-150x150.jpg 150w, https:\/\/giadung4.mauthemewp.com\/wp-content\/uploads\/2019\/07\/MH-1123XT-100x100.jpg 100w\" sizes=\"(max-width: 300px) 100vw, 300px\" \/><\/p>\n<p style=\"text-align: center;\">M\u00e1y xay sinh t\u1ed1 \u0111a n\u0103ng MH-1123<\/p>\n","protected":false},"excerpt":{"rendered":"<ul>\n<li><span style=\"font-size: 11pt;\">Xay \u0111a n\u0103ng: sinh t\u1ed1, th\u1ecbt, c\u00e1, h\u1ea1t &#8211; \u0111\u1ed3 kh\u00f4 &#8230;<\/span><\/li>\n<li><span style=\"font-size: 11pt;\">C\u1ed1i xay b\u1eb1ng nh\u1ef1a cao c\u1ea5p kh\u00f4ng \u0111\u1ed9c h\u1ea1i<\/span><\/li>\n<li><span style=\"font-size: 11pt;\">L\u01b0\u1ee1i dao v\u00e0 m\u00e0ng l\u1ecdc b\u1eb1ng inox cao c\u1ea5p kh\u00f4ng g\u1ec9<\/span><\/li>\n<li><span style=\"font-size: 11pt;\">Thi\u1ebft k\u1ebf sang tr\u1ecdng, m\u00e0u xanh c\u1ed1m n\u1ed5i b\u1eadt<\/span><\/li>\n<li><span style=\"font-size: 11pt;\">M\u00e1y ho\u1ea1t \u0111\u1ed9ng v\u1edbi 2 t\u1ed1c \u0111\u1ed9 xay v\u00e0 1 ch\u1ebf \u0111\u1ed9 nh\u1ed3i<\/span><\/li>\n<\/ul>\n","protected":false},"featured_media":1147,"comment_status":"open","ping_status":"closed","template":"","meta":[],"product_cat":[36,270],"product_tag":[],"yoast_head":"<!-- This site is optimized with the Yoast SEO plugin v21.6 - https:\/\/yoast.com\/wordpress\/plugins\/seo\/ -->\n<title>M\u00e1y xay sinh t\u1ed1 \u0111a n\u0103ng MH-1123<\/title>\n<meta name=\"robots\" content=\"index, follow, max-snippet:-1, max-image-preview:large, max-video-preview:-1\" \/>\n<meta property=\"og:locale\" content=\"vi_VN\" \/>\n<meta property=\"og:type\" content=\"article\" \/>\n<meta property=\"og:title\" content=\"M\u00e1y xay sinh t\u1ed1 \u0111a n\u0103ng MH-1123\" \/>\n<meta property=\"og:description\" content=\"Xay \u0111a n\u0103ng: sinh t\u1ed1, th\u1ecbt, c\u00e1, h\u1ea1t - \u0111\u1ed3 kh\u00f4 ...  C\u1ed1i xay b\u1eb1ng nh\u1ef1a cao c\u1ea5p kh\u00f4ng \u0111\u1ed9c h\u1ea1i  L\u01b0\u1ee1i dao v\u00e0 m\u00e0ng l\u1ecdc b\u1eb1ng inox cao c\u1ea5p kh\u00f4ng g\u1ec9  Thi\u1ebft k\u1ebf sang tr\u1ecdng, m\u00e0u xanh c\u1ed1m n\u1ed5i b\u1eadt  M\u00e1y ho\u1ea1t \u0111\u1ed9ng v\u1edbi 2 t\u1ed1c \u0111\u1ed9 xay v\u00e0 1 ch\u1ebf \u0111\u1ed9 nh\u1ed3i\" \/>\n<meta property=\"og:url\" content=\"https:\/\/giadung4.mauthemewp.com\/?product=may-xay-sinh-to-da-nang-mh-1123\" \/>\n<meta property=\"og:site_name\" content=\"Mizuho - Cho Cu\u1ed9c S\u1ed1ng Tr\u1ecdn V\u1eb9n H\u01a1n!\" \/>\n<meta property=\"article:modified_time\" content=\"2020-03-28T08:49:02+00:00\" \/>\n<meta property=\"og:image\" content=\"https:\/\/giadung4.mauthemewp.com\/wp-content\/uploads\/2019\/07\/MH-1123.jpg\" \/>\n\t<meta property=\"og:image:width\" content=\"300\" \/>\n\t<meta property=\"og:image:height\" content=\"300\" \/>\n\t<meta property=\"og:image:type\" content=\"image\/jpeg\" \/>\n<meta name=\"twitter:card\" content=\"summary_large_image\" \/>\n<script type=\"application\/ld+json\" class=\"yoast-schema-graph\">{\"@context\":\"https:\/\/schema.org\",\"@graph\":[{\"@type\":\"WebPage\",\"@id\":\"https:\/\/giadung4.mauthemewp.com\/?product=may-xay-sinh-to-da-nang-mh-1123\",\"url\":\"https:\/\/giadung4.mauthemewp.com\/?product=may-xay-sinh-to-da-nang-mh-1123\",\"name\":\"M\u00e1y xay sinh t\u1ed1 \u0111a n\u0103ng MH-1123\",\"isPartOf\":{\"@id\":\"https:\/\/giadung4.mauthemewp.com\/#website\"},\"datePublished\":\"2019-07-11T01:59:55+00:00\",\"dateModified\":\"2020-03-28T08:49:02+00:00\",\"breadcrumb\":{\"@id\":\"https:\/\/giadung4.mauthemewp.com\/?product=may-xay-sinh-to-da-nang-mh-1123#breadcrumb\"},\"inLanguage\":\"vi\",\"potentialAction\":[{\"@type\":\"ReadAction\",\"target\":[\"https:\/\/giadung4.mauthemewp.com\/?product=may-xay-sinh-to-da-nang-mh-1123\"]}]},{\"@type\":\"BreadcrumbList\",\"@id\":\"https:\/\/giadung4.mauthemewp.com\/?product=may-xay-sinh-to-da-nang-mh-1123#breadcrumb\",\"itemListElement\":[{\"@type\":\"ListItem\",\"position\":1,\"name\":\"Trang ch\u1ee7\",\"item\":\"https:\/\/giadung4.mauthemewp.com\/\"},{\"@type\":\"ListItem\",\"position\":2,\"name\":\"S\u1ea3n ph\u1ea9m\",\"item\":\"https:\/\/giadung4.mauthemewp.com\/?post_type=product\"},{\"@type\":\"ListItem\",\"position\":3,\"name\":\"M\u00e1y xay sinh t\u1ed1 \u0111a n\u0103ng MH-1123\"}]},{\"@type\":\"WebSite\",\"@id\":\"https:\/\/giadung4.mauthemewp.com\/#website\",\"url\":\"https:\/\/giadung4.mauthemewp.com\/\",\"name\":\"Mizuho - Cho Cu\u1ed9c S\u1ed1ng Tr\u1ecdn V\u1eb9n H\u01a1n!\",\"description\":\"Mizuho Vi\u1ec7t Nam\",\"potentialAction\":[{\"@type\":\"SearchAction\",\"target\":{\"@type\":\"EntryPoint\",\"urlTemplate\":\"https:\/\/giadung4.mauthemewp.com\/?s={search_term_string}\"},\"query-input\":\"required name=search_term_string\"}],\"inLanguage\":\"vi\"}]}<\/script>\n<!-- \/ Yoast SEO plugin. -->","yoast_head_json":{"title":"M\u00e1y xay sinh t\u1ed1 \u0111a n\u0103ng MH-1123","robots":{"index":"index","follow":"follow","max-snippet":"max-snippet:-1","max-image-preview":"max-image-preview:large","max-video-preview":"max-video-preview:-1"},"og_locale":"vi_VN","og_type":"article","og_title":"M\u00e1y xay sinh t\u1ed1 \u0111a n\u0103ng MH-1123","og_description":"Xay \u0111a n\u0103ng: sinh t\u1ed1, th\u1ecbt, c\u00e1, h\u1ea1t - \u0111\u1ed3 kh\u00f4 ...  C\u1ed1i xay b\u1eb1ng nh\u1ef1a cao c\u1ea5p kh\u00f4ng \u0111\u1ed9c h\u1ea1i  L\u01b0\u1ee1i dao v\u00e0 m\u00e0ng l\u1ecdc b\u1eb1ng inox cao c\u1ea5p kh\u00f4ng g\u1ec9  Thi\u1ebft k\u1ebf sang tr\u1ecdng, m\u00e0u xanh c\u1ed1m n\u1ed5i b\u1eadt  M\u00e1y ho\u1ea1t \u0111\u1ed9ng v\u1edbi 2 t\u1ed1c \u0111\u1ed9 xay v\u00e0 1 ch\u1ebf \u0111\u1ed9 nh\u1ed3i","og_url":"https:\/\/giadung4.mauthemewp.com\/?product=may-xay-sinh-to-da-nang-mh-1123","og_site_name":"Mizuho - Cho Cu\u1ed9c S\u1ed1ng Tr\u1ecdn V\u1eb9n H\u01a1n!","article_modified_time":"2020-03-28T08:49:02+00:00","og_image":[{"width":300,"height":300,"url":"https:\/\/giadung4.mauthemewp.com\/wp-content\/uploads\/2019\/07\/MH-1123.jpg","type":"image\/jpeg"}],"twitter_card":"summary_large_image","schema":{"@context":"https:\/\/schema.org","@graph":[{"@type":"WebPage","@id":"https:\/\/giadung4.mauthemewp.com\/?product=may-xay-sinh-to-da-nang-mh-1123","url":"https:\/\/giadung4.mauthemewp.com\/?product=may-xay-sinh-to-da-nang-mh-1123","name":"M\u00e1y xay sinh t\u1ed1 \u0111a n\u0103ng MH-1123","isPartOf":{"@id":"https:\/\/giadung4.mauthemewp.com\/#website"},"datePublished":"2019-07-11T01:59:55+00:00","dateModified":"2020-03-28T08:49:02+00:00","breadcrumb":{"@id":"https:\/\/giadung4.mauthemewp.com\/?product=may-xay-sinh-to-da-nang-mh-1123#breadcrumb"},"inLanguage":"vi","potentialAction":[{"@type":"ReadAction","target":["https:\/\/giadung4.mauthemewp.com\/?product=may-xay-sinh-to-da-nang-mh-1123"]}]},{"@type":"BreadcrumbList","@id":"https:\/\/giadung4.mauthemewp.com\/?product=may-xay-sinh-to-da-nang-mh-1123#breadcrumb","itemListElement":[{"@type":"ListItem","position":1,"name":"Trang ch\u1ee7","item":"https:\/\/giadung4.mauthemewp.com\/"},{"@type":"ListItem","position":2,"name":"S\u1ea3n ph\u1ea9m","item":"https:\/\/giadung4.mauthemewp.com\/?post_type=product"},{"@type":"ListItem","position":3,"name":"M\u00e1y xay sinh t\u1ed1 \u0111a n\u0103ng MH-1123"}]},{"@type":"WebSite","@id":"https:\/\/giadung4.mauthemewp.com\/#website","url":"https:\/\/giadung4.mauthemewp.com\/","name":"Mizuho - Cho Cu\u1ed9c S\u1ed1ng Tr\u1ecdn V\u1eb9n H\u01a1n!","description":"Mizuho Vi\u1ec7t Nam","potentialAction":[{"@type":"SearchAction","target":{"@type":"EntryPoint","urlTemplate":"https:\/\/giadung4.mauthemewp.com\/?s={search_term_string}"},"query-input":"required name=search_term_string"}],"inLanguage":"vi"}]}},"_links":{"self":[{"href":"https:\/\/giadung4.mauthemewp.com\/index.php?rest_route=\/wp\/v2\/product\/1145"}],"collection":[{"href":"https:\/\/giadung4.mauthemewp.com\/index.php?rest_route=\/wp\/v2\/product"}],"about":[{"href":"https:\/\/giadung4.mauthemewp.com\/index.php?rest_route=\/wp\/v2\/types\/product"}],"replies":[{"embeddable":true,"href":"https:\/\/giadung4.mauthemewp.com\/index.php?rest_route=%2Fwp%2Fv2%2Fcomments&post=1145"}],"wp:featuredmedia":[{"embeddable":true,"href":"https:\/\/giadung4.mauthemewp.com\/index.php?rest_route=\/wp\/v2\/media\/1147"}],"wp:attachment":[{"href":"https:\/\/giadung4.mauthemewp.com\/index.php?rest_route=%2Fwp%2Fv2%2Fmedia&parent=1145"}],"wp:term":[{"taxonomy":"product_cat","embeddable":true,"href":"https:\/\/giadung4.mauthemewp.com\/index.php?rest_route=%2Fwp%2Fv2%2Fproduct_cat&post=1145"},{"taxonomy":"product_tag","embeddable":true,"href":"https:\/\/giadung4.mauthemewp.com\/index.php?rest_route=%2Fwp%2Fv2%2Fproduct_tag&post=1145"}],"curies":[{"name":"wp","href":"https:\/\/api.w.org\/{rel}","templated":true}]}}