{"id":1153,"date":"2019-07-11T09:01:10","date_gmt":"2019-07-11T02:01:10","guid":{"rendered":"http:\/\/mau3.maudep.com.vn\/giadung1\/?post_type=product&#038;p=1153"},"modified":"2020-03-28T15:48:42","modified_gmt":"2020-03-28T08:48:42","slug":"may-xay-sinh-to-da-nang-mh-5050","status":"publish","type":"product","link":"https:\/\/giadung4.mauthemewp.com\/?product=may-xay-sinh-to-da-nang-mh-5050","title":{"rendered":"M\u00e1y xay sinh t\u1ed1 \u0111a n\u0103ng MH-5050"},"content":{"rendered":"<p><img loading=\"lazy\" decoding=\"async\" class=\"alignnone size-full wp-image-1151 aligncenter\" src=\"http:\/\/mau3.maudep.com.vn\/giadung1\/wp-content\/uploads\/2019\/07\/MH-5055.jpg\" alt=\"\" width=\"300\" height=\"300\" srcset=\"https:\/\/giadung4.mauthemewp.com\/wp-content\/uploads\/2019\/07\/MH-5055.jpg 300w, https:\/\/giadung4.mauthemewp.com\/wp-content\/uploads\/2019\/07\/MH-5055-150x150.jpg 150w, https:\/\/giadung4.mauthemewp.com\/wp-content\/uploads\/2019\/07\/MH-5055-100x100.jpg 100w\" sizes=\"(max-width: 300px) 100vw, 300px\" \/><\/p>\n<p style=\"text-align: center;\">M\u00e1y xay sinh t\u1ed1 \u0111a n\u0103ng MH-5050<\/p>\n","protected":false},"excerpt":{"rendered":"<ul>\n<li><span style=\"font-size: 11pt;\">M\u00e1y xay sinh t\u1ed1 \u0111a n\u0103ng: 03 c\u1ed1i<\/span><\/li>\n<li><span style=\"font-size: 11pt;\">Dung t\u00edch c\u1ed1i xay: 1.5 l\u00edt, dao xay inox<\/span><\/li>\n<li><span style=\"font-size: 11pt;\">C\u1ed1i xay b\u1eb1ng nh\u1ef1a cao c\u1ea5p ch\u1ed1ng tr\u1ea7y x\u01b0\u1edbc<\/span><\/li>\n<li><span style=\"font-size: 11pt;\">C\u00f4ng su\u1ea5t 350W xay nhuy\u1ec5n th\u1ef1c ph\u1ea9m nhanh ch\u00f3ng<\/span><\/li>\n<li><span style=\"font-size: 11pt;\">M\u00e1y ho\u1ea1t \u0111\u1ed9ng v\u1edbi 4 t\u1ed1c \u0111\u1ed9 xay<\/span><\/li>\n<\/ul>\n","protected":false},"featured_media":1151,"comment_status":"open","ping_status":"closed","template":"","meta":[],"product_cat":[36,281,270,254],"product_tag":[],"yoast_head":"<!-- This site is optimized with the Yoast SEO plugin v21.6 - https:\/\/yoast.com\/wordpress\/plugins\/seo\/ -->\n<title>M\u00e1y xay sinh t\u1ed1 \u0111a n\u0103ng MH-5050<\/title>\n<meta name=\"robots\" content=\"index, follow, max-snippet:-1, max-image-preview:large, max-video-preview:-1\" \/>\n<meta property=\"og:locale\" content=\"vi_VN\" \/>\n<meta property=\"og:type\" content=\"article\" \/>\n<meta property=\"og:title\" content=\"M\u00e1y xay sinh t\u1ed1 \u0111a n\u0103ng MH-5050\" \/>\n<meta property=\"og:description\" content=\"M\u00e1y xay sinh t\u1ed1 \u0111a n\u0103ng: 03 c\u1ed1i  Dung t\u00edch c\u1ed1i xay: 1.5 l\u00edt, dao xay inox  C\u1ed1i xay b\u1eb1ng nh\u1ef1a cao c\u1ea5p ch\u1ed1ng tr\u1ea7y x\u01b0\u1edbc  C\u00f4ng su\u1ea5t 350W xay nhuy\u1ec5n th\u1ef1c ph\u1ea9m nhanh ch\u00f3ng  M\u00e1y ho\u1ea1t \u0111\u1ed9ng v\u1edbi 4 t\u1ed1c \u0111\u1ed9 xay\" \/>\n<meta property=\"og:url\" content=\"https:\/\/giadung4.mauthemewp.com\/?product=may-xay-sinh-to-da-nang-mh-5050\" \/>\n<meta property=\"og:site_name\" content=\"Mizuho - Cho Cu\u1ed9c S\u1ed1ng Tr\u1ecdn V\u1eb9n H\u01a1n!\" \/>\n<meta property=\"article:modified_time\" content=\"2020-03-28T08:48:42+00:00\" \/>\n<meta property=\"og:image\" content=\"https:\/\/giadung4.mauthemewp.com\/wp-content\/uploads\/2019\/07\/MH-5055.jpg\" \/>\n\t<meta property=\"og:image:width\" content=\"300\" \/>\n\t<meta property=\"og:image:height\" content=\"300\" \/>\n\t<meta property=\"og:image:type\" content=\"image\/jpeg\" \/>\n<meta name=\"twitter:card\" content=\"summary_large_image\" \/>\n<script type=\"application\/ld+json\" class=\"yoast-schema-graph\">{\"@context\":\"https:\/\/schema.org\",\"@graph\":[{\"@type\":\"WebPage\",\"@id\":\"https:\/\/giadung4.mauthemewp.com\/?product=may-xay-sinh-to-da-nang-mh-5050\",\"url\":\"https:\/\/giadung4.mauthemewp.com\/?product=may-xay-sinh-to-da-nang-mh-5050\",\"name\":\"M\u00e1y xay sinh t\u1ed1 \u0111a n\u0103ng MH-5050\",\"isPartOf\":{\"@id\":\"https:\/\/giadung4.mauthemewp.com\/#website\"},\"datePublished\":\"2019-07-11T02:01:10+00:00\",\"dateModified\":\"2020-03-28T08:48:42+00:00\",\"breadcrumb\":{\"@id\":\"https:\/\/giadung4.mauthemewp.com\/?product=may-xay-sinh-to-da-nang-mh-5050#breadcrumb\"},\"inLanguage\":\"vi\",\"potentialAction\":[{\"@type\":\"ReadAction\",\"target\":[\"https:\/\/giadung4.mauthemewp.com\/?product=may-xay-sinh-to-da-nang-mh-5050\"]}]},{\"@type\":\"BreadcrumbList\",\"@id\":\"https:\/\/giadung4.mauthemewp.com\/?product=may-xay-sinh-to-da-nang-mh-5050#breadcrumb\",\"itemListElement\":[{\"@type\":\"ListItem\",\"position\":1,\"name\":\"Trang ch\u1ee7\",\"item\":\"https:\/\/giadung4.mauthemewp.com\/\"},{\"@type\":\"ListItem\",\"position\":2,\"name\":\"S\u1ea3n ph\u1ea9m\",\"item\":\"https:\/\/giadung4.mauthemewp.com\/?post_type=product\"},{\"@type\":\"ListItem\",\"position\":3,\"name\":\"M\u00e1y xay sinh t\u1ed1 \u0111a n\u0103ng MH-5050\"}]},{\"@type\":\"WebSite\",\"@id\":\"https:\/\/giadung4.mauthemewp.com\/#website\",\"url\":\"https:\/\/giadung4.mauthemewp.com\/\",\"name\":\"Mizuho - Cho Cu\u1ed9c S\u1ed1ng Tr\u1ecdn V\u1eb9n H\u01a1n!\",\"description\":\"Mizuho Vi\u1ec7t Nam\",\"potentialAction\":[{\"@type\":\"SearchAction\",\"target\":{\"@type\":\"EntryPoint\",\"urlTemplate\":\"https:\/\/giadung4.mauthemewp.com\/?s={search_term_string}\"},\"query-input\":\"required name=search_term_string\"}],\"inLanguage\":\"vi\"}]}<\/script>\n<!-- \/ Yoast SEO plugin. -->","yoast_head_json":{"title":"M\u00e1y xay sinh t\u1ed1 \u0111a n\u0103ng MH-5050","robots":{"index":"index","follow":"follow","max-snippet":"max-snippet:-1","max-image-preview":"max-image-preview:large","max-video-preview":"max-video-preview:-1"},"og_locale":"vi_VN","og_type":"article","og_title":"M\u00e1y xay sinh t\u1ed1 \u0111a n\u0103ng MH-5050","og_description":"M\u00e1y xay sinh t\u1ed1 \u0111a n\u0103ng: 03 c\u1ed1i  Dung t\u00edch c\u1ed1i xay: 1.5 l\u00edt, dao xay inox  C\u1ed1i xay b\u1eb1ng nh\u1ef1a cao c\u1ea5p ch\u1ed1ng tr\u1ea7y x\u01b0\u1edbc  C\u00f4ng su\u1ea5t 350W xay nhuy\u1ec5n th\u1ef1c ph\u1ea9m nhanh ch\u00f3ng  M\u00e1y ho\u1ea1t \u0111\u1ed9ng v\u1edbi 4 t\u1ed1c \u0111\u1ed9 xay","og_url":"https:\/\/giadung4.mauthemewp.com\/?product=may-xay-sinh-to-da-nang-mh-5050","og_site_name":"Mizuho - Cho Cu\u1ed9c S\u1ed1ng Tr\u1ecdn V\u1eb9n H\u01a1n!","article_modified_time":"2020-03-28T08:48:42+00:00","og_image":[{"width":300,"height":300,"url":"https:\/\/giadung4.mauthemewp.com\/wp-content\/uploads\/2019\/07\/MH-5055.jpg","type":"image\/jpeg"}],"twitter_card":"summary_large_image","schema":{"@context":"https:\/\/schema.org","@graph":[{"@type":"WebPage","@id":"https:\/\/giadung4.mauthemewp.com\/?product=may-xay-sinh-to-da-nang-mh-5050","url":"https:\/\/giadung4.mauthemewp.com\/?product=may-xay-sinh-to-da-nang-mh-5050","name":"M\u00e1y xay sinh t\u1ed1 \u0111a n\u0103ng MH-5050","isPartOf":{"@id":"https:\/\/giadung4.mauthemewp.com\/#website"},"datePublished":"2019-07-11T02:01:10+00:00","dateModified":"2020-03-28T08:48:42+00:00","breadcrumb":{"@id":"https:\/\/giadung4.mauthemewp.com\/?product=may-xay-sinh-to-da-nang-mh-5050#breadcrumb"},"inLanguage":"vi","potentialAction":[{"@type":"ReadAction","target":["https:\/\/giadung4.mauthemewp.com\/?product=may-xay-sinh-to-da-nang-mh-5050"]}]},{"@type":"BreadcrumbList","@id":"https:\/\/giadung4.mauthemewp.com\/?product=may-xay-sinh-to-da-nang-mh-5050#breadcrumb","itemListElement":[{"@type":"ListItem","position":1,"name":"Trang ch\u1ee7","item":"https:\/\/giadung4.mauthemewp.com\/"},{"@type":"ListItem","position":2,"name":"S\u1ea3n ph\u1ea9m","item":"https:\/\/giadung4.mauthemewp.com\/?post_type=product"},{"@type":"ListItem","position":3,"name":"M\u00e1y xay sinh t\u1ed1 \u0111a n\u0103ng MH-5050"}]},{"@type":"WebSite","@id":"https:\/\/giadung4.mauthemewp.com\/#website","url":"https:\/\/giadung4.mauthemewp.com\/","name":"Mizuho - Cho Cu\u1ed9c S\u1ed1ng Tr\u1ecdn V\u1eb9n H\u01a1n!","description":"Mizuho Vi\u1ec7t Nam","potentialAction":[{"@type":"SearchAction","target":{"@type":"EntryPoint","urlTemplate":"https:\/\/giadung4.mauthemewp.com\/?s={search_term_string}"},"query-input":"required name=search_term_string"}],"inLanguage":"vi"}]}},"_links":{"self":[{"href":"https:\/\/giadung4.mauthemewp.com\/index.php?rest_route=\/wp\/v2\/product\/1153"}],"collection":[{"href":"https:\/\/giadung4.mauthemewp.com\/index.php?rest_route=\/wp\/v2\/product"}],"about":[{"href":"https:\/\/giadung4.mauthemewp.com\/index.php?rest_route=\/wp\/v2\/types\/product"}],"replies":[{"embeddable":true,"href":"https:\/\/giadung4.mauthemewp.com\/index.php?rest_route=%2Fwp%2Fv2%2Fcomments&post=1153"}],"wp:featuredmedia":[{"embeddable":true,"href":"https:\/\/giadung4.mauthemewp.com\/index.php?rest_route=\/wp\/v2\/media\/1151"}],"wp:attachment":[{"href":"https:\/\/giadung4.mauthemewp.com\/index.php?rest_route=%2Fwp%2Fv2%2Fmedia&parent=1153"}],"wp:term":[{"taxonomy":"product_cat","embeddable":true,"href":"https:\/\/giadung4.mauthemewp.com\/index.php?rest_route=%2Fwp%2Fv2%2Fproduct_cat&post=1153"},{"taxonomy":"product_tag","embeddable":true,"href":"https:\/\/giadung4.mauthemewp.com\/index.php?rest_route=%2Fwp%2Fv2%2Fproduct_tag&post=1153"}],"curies":[{"name":"wp","href":"https:\/\/api.w.org\/{rel}","templated":true}]}}