{"id":1168,"date":"2019-07-12T08:04:50","date_gmt":"2019-07-12T01:04:50","guid":{"rendered":"http:\/\/mau3.maudep.com.vn\/giadung1\/?post_type=product&#038;p=1168"},"modified":"2020-03-28T15:47:54","modified_gmt":"2020-03-28T08:47:54","slug":"am-sieu-toc-mizuho-mh-688p1-1-8l","status":"publish","type":"product","link":"https:\/\/giadung4.mauthemewp.com\/?product=am-sieu-toc-mizuho-mh-688p1-1-8l","title":{"rendered":"\u1ea4m si\u00eau t\u1ed1c Mizuho MH-688P1 1.8L"},"content":{"rendered":"<p>\u1ea4m si\u00eau t\u1ed1c Mizuho MH-688P1 1.8L<\/p>\n","protected":false},"excerpt":{"rendered":"<ul>\n<li><span style=\"font-size: 11pt;\">\u1ea4m si\u00eau t\u1ed1c inox, thi\u1ebft k\u1ebf \u0111\u1eb9p m\u1eaft<\/span><\/li>\n<li><span style=\"font-size: 11pt;\">Dung t\u00edch 1.8L ph\u00f9 h\u1ee3p m\u1ecdi gia \u0111\u00ecnh<\/span><\/li>\n<li><span style=\"font-size: 11pt;\">\u0110\u1ebf xoay 360 \u0111\u1ed9, an to\u00e0n s\u1eed d\u1ee5ng<\/span><\/li>\n<li><span style=\"font-size: 11pt;\">C\u00f4ng su\u1ea5t 1500W \u0111un n\u01b0\u1edbc nhanh ch\u00f3ng<\/span><\/li>\n<li><span style=\"font-size: 11pt;\">T\u1ef1 ng\u1eaft \u0111i\u1ec7n khi n\u01b0\u1edbc s\u00f4i ho\u1eb7c khi \u1ea5m c\u1ea1n<\/span><\/li>\n<\/ul>\n","protected":false},"featured_media":1159,"comment_status":"open","ping_status":"closed","template":"","meta":[],"product_cat":[36,267,281],"product_tag":[],"yoast_head":"<!-- This site is optimized with the Yoast SEO plugin v21.6 - https:\/\/yoast.com\/wordpress\/plugins\/seo\/ -->\n<title>\u1ea4m si\u00eau t\u1ed1c Mizuho MH-688P1 1.8L<\/title>\n<meta name=\"robots\" content=\"index, follow, max-snippet:-1, max-image-preview:large, max-video-preview:-1\" \/>\n<meta property=\"og:locale\" content=\"vi_VN\" \/>\n<meta property=\"og:type\" content=\"article\" \/>\n<meta property=\"og:title\" content=\"\u1ea4m si\u00eau t\u1ed1c Mizuho MH-688P1 1.8L\" \/>\n<meta property=\"og:description\" content=\"\u1ea4m si\u00eau t\u1ed1c inox, thi\u1ebft k\u1ebf \u0111\u1eb9p m\u1eaft  Dung t\u00edch 1.8L ph\u00f9 h\u1ee3p m\u1ecdi gia \u0111\u00ecnh  \u0110\u1ebf xoay 360 \u0111\u1ed9, an to\u00e0n s\u1eed d\u1ee5ng  C\u00f4ng su\u1ea5t 1500W \u0111un n\u01b0\u1edbc nhanh ch\u00f3ng  T\u1ef1 ng\u1eaft \u0111i\u1ec7n khi n\u01b0\u1edbc s\u00f4i ho\u1eb7c khi \u1ea5m c\u1ea1n\" \/>\n<meta property=\"og:url\" content=\"https:\/\/giadung4.mauthemewp.com\/?product=am-sieu-toc-mizuho-mh-688p1-1-8l\" \/>\n<meta property=\"og:site_name\" content=\"Mizuho - Cho Cu\u1ed9c S\u1ed1ng Tr\u1ecdn V\u1eb9n H\u01a1n!\" \/>\n<meta property=\"article:modified_time\" content=\"2020-03-28T08:47:54+00:00\" \/>\n<meta property=\"og:image\" content=\"https:\/\/giadung4.mauthemewp.com\/wp-content\/uploads\/2019\/07\/MH-688P1.jpg\" \/>\n\t<meta property=\"og:image:width\" content=\"300\" \/>\n\t<meta property=\"og:image:height\" content=\"300\" \/>\n\t<meta property=\"og:image:type\" content=\"image\/jpeg\" \/>\n<meta name=\"twitter:card\" content=\"summary_large_image\" \/>\n<script type=\"application\/ld+json\" class=\"yoast-schema-graph\">{\"@context\":\"https:\/\/schema.org\",\"@graph\":[{\"@type\":\"WebPage\",\"@id\":\"https:\/\/giadung4.mauthemewp.com\/?product=am-sieu-toc-mizuho-mh-688p1-1-8l\",\"url\":\"https:\/\/giadung4.mauthemewp.com\/?product=am-sieu-toc-mizuho-mh-688p1-1-8l\",\"name\":\"\u1ea4m si\u00eau t\u1ed1c Mizuho MH-688P1 1.8L\",\"isPartOf\":{\"@id\":\"https:\/\/giadung4.mauthemewp.com\/#website\"},\"datePublished\":\"2019-07-12T01:04:50+00:00\",\"dateModified\":\"2020-03-28T08:47:54+00:00\",\"breadcrumb\":{\"@id\":\"https:\/\/giadung4.mauthemewp.com\/?product=am-sieu-toc-mizuho-mh-688p1-1-8l#breadcrumb\"},\"inLanguage\":\"vi\",\"potentialAction\":[{\"@type\":\"ReadAction\",\"target\":[\"https:\/\/giadung4.mauthemewp.com\/?product=am-sieu-toc-mizuho-mh-688p1-1-8l\"]}]},{\"@type\":\"BreadcrumbList\",\"@id\":\"https:\/\/giadung4.mauthemewp.com\/?product=am-sieu-toc-mizuho-mh-688p1-1-8l#breadcrumb\",\"itemListElement\":[{\"@type\":\"ListItem\",\"position\":1,\"name\":\"Trang ch\u1ee7\",\"item\":\"https:\/\/giadung4.mauthemewp.com\/\"},{\"@type\":\"ListItem\",\"position\":2,\"name\":\"S\u1ea3n ph\u1ea9m\",\"item\":\"https:\/\/giadung4.mauthemewp.com\/?post_type=product\"},{\"@type\":\"ListItem\",\"position\":3,\"name\":\"\u1ea4m si\u00eau t\u1ed1c Mizuho MH-688P1 1.8L\"}]},{\"@type\":\"WebSite\",\"@id\":\"https:\/\/giadung4.mauthemewp.com\/#website\",\"url\":\"https:\/\/giadung4.mauthemewp.com\/\",\"name\":\"Mizuho - Cho Cu\u1ed9c S\u1ed1ng Tr\u1ecdn V\u1eb9n H\u01a1n!\",\"description\":\"Mizuho Vi\u1ec7t Nam\",\"potentialAction\":[{\"@type\":\"SearchAction\",\"target\":{\"@type\":\"EntryPoint\",\"urlTemplate\":\"https:\/\/giadung4.mauthemewp.com\/?s={search_term_string}\"},\"query-input\":\"required name=search_term_string\"}],\"inLanguage\":\"vi\"}]}<\/script>\n<!-- \/ Yoast SEO plugin. -->","yoast_head_json":{"title":"\u1ea4m si\u00eau t\u1ed1c Mizuho MH-688P1 1.8L","robots":{"index":"index","follow":"follow","max-snippet":"max-snippet:-1","max-image-preview":"max-image-preview:large","max-video-preview":"max-video-preview:-1"},"og_locale":"vi_VN","og_type":"article","og_title":"\u1ea4m si\u00eau t\u1ed1c Mizuho MH-688P1 1.8L","og_description":"\u1ea4m si\u00eau t\u1ed1c inox, thi\u1ebft k\u1ebf \u0111\u1eb9p m\u1eaft  Dung t\u00edch 1.8L ph\u00f9 h\u1ee3p m\u1ecdi gia \u0111\u00ecnh  \u0110\u1ebf xoay 360 \u0111\u1ed9, an to\u00e0n s\u1eed d\u1ee5ng  C\u00f4ng su\u1ea5t 1500W \u0111un n\u01b0\u1edbc nhanh ch\u00f3ng  T\u1ef1 ng\u1eaft \u0111i\u1ec7n khi n\u01b0\u1edbc s\u00f4i ho\u1eb7c khi \u1ea5m c\u1ea1n","og_url":"https:\/\/giadung4.mauthemewp.com\/?product=am-sieu-toc-mizuho-mh-688p1-1-8l","og_site_name":"Mizuho - Cho Cu\u1ed9c S\u1ed1ng Tr\u1ecdn V\u1eb9n H\u01a1n!","article_modified_time":"2020-03-28T08:47:54+00:00","og_image":[{"width":300,"height":300,"url":"https:\/\/giadung4.mauthemewp.com\/wp-content\/uploads\/2019\/07\/MH-688P1.jpg","type":"image\/jpeg"}],"twitter_card":"summary_large_image","schema":{"@context":"https:\/\/schema.org","@graph":[{"@type":"WebPage","@id":"https:\/\/giadung4.mauthemewp.com\/?product=am-sieu-toc-mizuho-mh-688p1-1-8l","url":"https:\/\/giadung4.mauthemewp.com\/?product=am-sieu-toc-mizuho-mh-688p1-1-8l","name":"\u1ea4m si\u00eau t\u1ed1c Mizuho MH-688P1 1.8L","isPartOf":{"@id":"https:\/\/giadung4.mauthemewp.com\/#website"},"datePublished":"2019-07-12T01:04:50+00:00","dateModified":"2020-03-28T08:47:54+00:00","breadcrumb":{"@id":"https:\/\/giadung4.mauthemewp.com\/?product=am-sieu-toc-mizuho-mh-688p1-1-8l#breadcrumb"},"inLanguage":"vi","potentialAction":[{"@type":"ReadAction","target":["https:\/\/giadung4.mauthemewp.com\/?product=am-sieu-toc-mizuho-mh-688p1-1-8l"]}]},{"@type":"BreadcrumbList","@id":"https:\/\/giadung4.mauthemewp.com\/?product=am-sieu-toc-mizuho-mh-688p1-1-8l#breadcrumb","itemListElement":[{"@type":"ListItem","position":1,"name":"Trang ch\u1ee7","item":"https:\/\/giadung4.mauthemewp.com\/"},{"@type":"ListItem","position":2,"name":"S\u1ea3n ph\u1ea9m","item":"https:\/\/giadung4.mauthemewp.com\/?post_type=product"},{"@type":"ListItem","position":3,"name":"\u1ea4m si\u00eau t\u1ed1c Mizuho MH-688P1 1.8L"}]},{"@type":"WebSite","@id":"https:\/\/giadung4.mauthemewp.com\/#website","url":"https:\/\/giadung4.mauthemewp.com\/","name":"Mizuho - Cho Cu\u1ed9c S\u1ed1ng Tr\u1ecdn V\u1eb9n H\u01a1n!","description":"Mizuho Vi\u1ec7t Nam","potentialAction":[{"@type":"SearchAction","target":{"@type":"EntryPoint","urlTemplate":"https:\/\/giadung4.mauthemewp.com\/?s={search_term_string}"},"query-input":"required name=search_term_string"}],"inLanguage":"vi"}]}},"_links":{"self":[{"href":"https:\/\/giadung4.mauthemewp.com\/index.php?rest_route=\/wp\/v2\/product\/1168"}],"collection":[{"href":"https:\/\/giadung4.mauthemewp.com\/index.php?rest_route=\/wp\/v2\/product"}],"about":[{"href":"https:\/\/giadung4.mauthemewp.com\/index.php?rest_route=\/wp\/v2\/types\/product"}],"replies":[{"embeddable":true,"href":"https:\/\/giadung4.mauthemewp.com\/index.php?rest_route=%2Fwp%2Fv2%2Fcomments&post=1168"}],"wp:featuredmedia":[{"embeddable":true,"href":"https:\/\/giadung4.mauthemewp.com\/index.php?rest_route=\/wp\/v2\/media\/1159"}],"wp:attachment":[{"href":"https:\/\/giadung4.mauthemewp.com\/index.php?rest_route=%2Fwp%2Fv2%2Fmedia&parent=1168"}],"wp:term":[{"taxonomy":"product_cat","embeddable":true,"href":"https:\/\/giadung4.mauthemewp.com\/index.php?rest_route=%2Fwp%2Fv2%2Fproduct_cat&post=1168"},{"taxonomy":"product_tag","embeddable":true,"href":"https:\/\/giadung4.mauthemewp.com\/index.php?rest_route=%2Fwp%2Fv2%2Fproduct_tag&post=1168"}],"curies":[{"name":"wp","href":"https:\/\/api.w.org\/{rel}","templated":true}]}}